{"id":51645,"date":"2023-06-19T10:10:43","date_gmt":"2023-06-19T10:10:43","guid":{"rendered":"https:\/\/www.pietradigerusalemme.com\/prodotto\/kathedrale\/"},"modified":"2024-05-10T11:39:55","modified_gmt":"2024-05-10T11:39:55","slug":"kathedrale","status":"publish","type":"product","link":"https:\/\/www.pietradigerusalemme.com\/de\/produkt\/kathedrale\/","title":{"rendered":"Kathedrale"},"content":{"rendered":"<p class=\"p1\"><span class=\"s1\">Kathedralen-Jerusalem-Stein ist zwar die gleiche Art von Jerusalem-Stein, kann aber in der Ausf\u00fchrung unterschiedlich sein; daher h\u00e4ngt der Stil von der Umgebung ab, in der man ihn aufstellen m\u00f6chte.<br \/>\n<\/span><\/p>\n<p class=\"p1\"><span class=\"s1\">Antike und elegante Bodenbel\u00e4ge f\u00fcr Villen, Bauernh\u00e4user, historische Bauernh\u00e4user oder Boden-, Bad- und Wandbel\u00e4ge mit rustikalerer Verarbeitung f\u00fcr Schl\u00f6sser und sehr alte historische H\u00e4user. Die Formate und Veredelungsprozesse werden im Einklang mit der Umgebung, in der sie aufgestellt werden, ausgef\u00fchrt und angepasst.  <\/span><\/p>\n<p class=\"p1\"><span class=\"s1\">Der Stein von Jerusalem ist das Ergebnis eines nat\u00fcrlichen Prozesses und unterliegt daher der Variabilit\u00e4t des Zufalls, was bedeutet, dass es niemals eine exakte Kopie davon geben wird.<\/span><\/p>\n<p>Diese besondere Eigenschaft des Materials Jerusalem Stone ist ein hoch gesch\u00e4tztes Vorrecht und Merkmal, da sie es im gesamten Panorama der Natursteine einzigartig macht.<\/p>\n<div class=\"et_pb_module et_pb_wc_description et_pb_wc_description_1_tb_body et_pb_bg_layout_light et_pb_text_align_left\">\n<div class=\"et_pb_module_inner\">\n<p>In Anbetracht dessen und um eine Vorstellung von der endg\u00fcltigen Wirkung des Bodens zu bekommen, ist es ratsam, eine Komposition aus verschiedenen Steinen zu sehen, um diese besondere Eigenschaft zu verstehen, damit Sie eine bessere Vorstellung von der endg\u00fcltigen Farbwirkung Ihres Bodens bekommen.<\/p>\n<\/div>\n<\/div>\n","protected":false},"excerpt":{"rendered":"<p class=\"p1\"><span class=\"s1\">Rustikales, antiquiertes und faszinierend elegantes Natursteinpflaster aus Jerusalem, ideal f\u00fcr die Renovierung alter Villen, Bauernh\u00e4user, Schl\u00f6sser und historischer Geb\u00e4ude von gro\u00dfem Wert.<\/span><\/p>\n<p>Brauchen Sie Informationen? Schreiben Sie uns und wir werden gerne auf Ihre Bed\u00fcrfnisse eingehen.<\/p>\n","protected":false},"featured_media":52261,"comment_status":"open","ping_status":"closed","template":"","meta":{"_et_pb_use_builder":"","_et_pb_old_content":"","_et_gb_content_width":"","iawp_total_views":24},"product_brand":[],"product_cat":[143],"product_tag":[326,296,320,249,309,311,299,293,308,305,297,307,315,316,319,298,314,325,327],"class_list":{"0":"post-51645","1":"product","2":"type-product","3":"status-publish","4":"has-post-thumbnail","6":"product_cat-boden-und-verkleidungen","7":"product_tag-alte-villa","8":"product_tag-bauernhaeuser","9":"product_tag-beschichtungen","10":"product_tag-biblical-de","11":"product_tag-boden","12":"product_tag-boden-und-wande","13":"product_tag-dom","14":"product_tag-handwerker","15":"product_tag-handwerkskunst","16":"product_tag-historische-gebaude","17":"product_tag-hutten","18":"product_tag-jerusalem","19":"product_tag-jerusalemer-stein","20":"product_tag-naturstein","21":"product_tag-renovierung","22":"product_tag-schlosser","23":"product_tag-stein","24":"product_tag-villa-de","25":"product_tag-villen","27":"first","28":"instock","29":"shipping-taxable","30":"product-type-simple"},"jetpack_sharing_enabled":true,"_links":{"self":[{"href":"https:\/\/www.pietradigerusalemme.com\/de\/wp-json\/wp\/v2\/product\/51645","targetHints":{"allow":["GET"]}}],"collection":[{"href":"https:\/\/www.pietradigerusalemme.com\/de\/wp-json\/wp\/v2\/product"}],"about":[{"href":"https:\/\/www.pietradigerusalemme.com\/de\/wp-json\/wp\/v2\/types\/product"}],"replies":[{"embeddable":true,"href":"https:\/\/www.pietradigerusalemme.com\/de\/wp-json\/wp\/v2\/comments?post=51645"}],"wp:featuredmedia":[{"embeddable":true,"href":"https:\/\/www.pietradigerusalemme.com\/de\/wp-json\/wp\/v2\/media\/52261"}],"wp:attachment":[{"href":"https:\/\/www.pietradigerusalemme.com\/de\/wp-json\/wp\/v2\/media?parent=51645"}],"wp:term":[{"taxonomy":"product_brand","embeddable":true,"href":"https:\/\/www.pietradigerusalemme.com\/de\/wp-json\/wp\/v2\/product_brand?post=51645"},{"taxonomy":"product_cat","embeddable":true,"href":"https:\/\/www.pietradigerusalemme.com\/de\/wp-json\/wp\/v2\/product_cat?post=51645"},{"taxonomy":"product_tag","embeddable":true,"href":"https:\/\/www.pietradigerusalemme.com\/de\/wp-json\/wp\/v2\/product_tag?post=51645"}],"curies":[{"name":"wp","href":"https:\/\/api.w.org\/{rel}","templated":true}]}}