{"id":51928,"date":"2023-06-19T12:45:29","date_gmt":"2023-06-19T12:45:29","guid":{"rendered":"https:\/\/www.pietradigerusalemme.com\/prodotto\/mezada\/"},"modified":"2024-05-10T11:39:56","modified_gmt":"2024-05-10T11:39:56","slug":"mezada","status":"publish","type":"product","link":"https:\/\/www.pietradigerusalemme.com\/de\/produkt\/mezada\/","title":{"rendered":"Masada"},"content":{"rendered":"<p class=\"p1\"><span class=\"s1\">Masada Jerusalem Steinboden, handwerkliche Oberfl\u00e4chenbearbeitung.<br \/>\nM\u00f6glichkeit verschiedener Verarbeitungsformate und Verlegeschemata. Die Dicke der Boden- und Wandbel\u00e4ge kann 1,2 cm oder 2 cm betragen, je nach Gr\u00f6\u00dfe der Formate, der Art der Ausf\u00fchrung und den Anforderungen der Baustelle.  <\/span><\/p>\n<p class=\"p1\"><span class=\"s1\">Diese Natursteinb\u00f6den nutzen unsere einzigartige Handwerkskunst, um Sie zu begeistern und Ihre R\u00e4ume traumhaft zu gestalten.<\/span><\/p>\n<p class=\"p1\"><span class=\"s1\">Der Stein von Jerusalem ist das Ergebnis eines nat\u00fcrlichen Prozesses und unterliegt daher der Variabilit\u00e4t des Zufalls, was bedeutet, dass es niemals eine exakte Kopie davon geben wird.<\/span><\/p>\n<p>Diese besondere Eigenschaft des Materials Jerusalem Stone ist ein hoch gesch\u00e4tztes Vorrecht und Merkmal, da sie es im gesamten Panorama der Natursteine einzigartig macht.<\/p>\n<div class=\"et_pb_module et_pb_wc_description et_pb_wc_description_1_tb_body et_pb_bg_layout_light et_pb_text_align_left\">\n<div class=\"et_pb_module_inner\">\n<p>In Anbetracht dessen und um eine Vorstellung von der endg\u00fcltigen Wirkung des Bodens zu bekommen, ist es ratsam, eine Komposition aus verschiedenen Steinen zu sehen, um diese besondere Eigenschaft zu verstehen, damit Sie eine bessere Vorstellung von der endg\u00fcltigen Farbwirkung Ihres Bodens bekommen.<\/p>\n<\/div>\n<\/div>\n","protected":false},"excerpt":{"rendered":"<p class=\"p1\">\n            <span class=\"s1\">Naturstein MASADA aus Jerusalem, B\u00f6den f\u00fcr historische H\u00e4user, B\u00f6den f\u00fcr alte Villen, rustikale Steinb\u00f6den. Hochwertige, qualitativ hochwertige Boden- und Wandbel\u00e4ge.<\/span>\n          <\/p>\n","protected":false},"featured_media":31351,"comment_status":"open","ping_status":"closed","template":"","meta":{"_et_pb_use_builder":"","_et_pb_old_content":"","_et_gb_content_width":"","iawp_total_views":37},"product_brand":[],"product_cat":[143],"product_tag":[326,296,320,249,309,311,299,293,308,305,297,307,315,272,316,319,298,314,325,327],"class_list":{"0":"post-51928","1":"product","2":"type-product","3":"status-publish","4":"has-post-thumbnail","6":"product_cat-boden-und-verkleidungen","7":"product_tag-alte-villa","8":"product_tag-bauernhaeuser","9":"product_tag-beschichtungen","10":"product_tag-biblical-de","11":"product_tag-boden","12":"product_tag-boden-und-wande","13":"product_tag-dom","14":"product_tag-handwerker","15":"product_tag-handwerkskunst","16":"product_tag-historische-gebaude","17":"product_tag-hutten","18":"product_tag-jerusalem","19":"product_tag-jerusalemer-stein","20":"product_tag-mezada-de","21":"product_tag-naturstein","22":"product_tag-renovierung","23":"product_tag-schlosser","24":"product_tag-stein","25":"product_tag-villa-de","26":"product_tag-villen","28":"first","29":"instock","30":"shipping-taxable","31":"product-type-simple"},"jetpack_sharing_enabled":true,"_links":{"self":[{"href":"https:\/\/www.pietradigerusalemme.com\/de\/wp-json\/wp\/v2\/product\/51928","targetHints":{"allow":["GET"]}}],"collection":[{"href":"https:\/\/www.pietradigerusalemme.com\/de\/wp-json\/wp\/v2\/product"}],"about":[{"href":"https:\/\/www.pietradigerusalemme.com\/de\/wp-json\/wp\/v2\/types\/product"}],"replies":[{"embeddable":true,"href":"https:\/\/www.pietradigerusalemme.com\/de\/wp-json\/wp\/v2\/comments?post=51928"}],"wp:featuredmedia":[{"embeddable":true,"href":"https:\/\/www.pietradigerusalemme.com\/de\/wp-json\/wp\/v2\/media\/31351"}],"wp:attachment":[{"href":"https:\/\/www.pietradigerusalemme.com\/de\/wp-json\/wp\/v2\/media?parent=51928"}],"wp:term":[{"taxonomy":"product_brand","embeddable":true,"href":"https:\/\/www.pietradigerusalemme.com\/de\/wp-json\/wp\/v2\/product_brand?post=51928"},{"taxonomy":"product_cat","embeddable":true,"href":"https:\/\/www.pietradigerusalemme.com\/de\/wp-json\/wp\/v2\/product_cat?post=51928"},{"taxonomy":"product_tag","embeddable":true,"href":"https:\/\/www.pietradigerusalemme.com\/de\/wp-json\/wp\/v2\/product_tag?post=51928"}],"curies":[{"name":"wp","href":"https:\/\/api.w.org\/{rel}","templated":true}]}}