{"id":52645,"date":"2023-07-18T07:04:01","date_gmt":"2023-07-18T07:04:01","guid":{"rendered":"https:\/\/www.pietradigerusalemme.com\/prodotto\/kirchenboeden\/"},"modified":"2025-01-13T09:38:28","modified_gmt":"2025-01-13T09:38:28","slug":"boden-kirchen","status":"publish","type":"product","link":"https:\/\/www.pietradigerusalemme.com\/de\/produkt\/boden-kirchen\/","title":{"rendered":"Kirchen Fu\u00dfb\u00f6den"},"content":{"rendered":"<p>Original Jerusalemer Steinb\u00f6den, die sich mit unserer exklusiven Bearbeitung an den Stil jeder Kirche anpassen<\/p>\n","protected":false},"excerpt":{"rendered":"<p>Original Jerusalemer Steinb\u00f6den, die sich mit unserer exklusiven Bearbeitung an den Stil jeder Kirche anpassen<\/p>\n","protected":false},"featured_media":52630,"comment_status":"open","ping_status":"closed","template":"","meta":{"_et_pb_use_builder":"","_et_pb_old_content":"","_et_gb_content_width":"","iawp_total_views":23},"product_brand":[],"product_cat":[134],"product_tag":[292,312,291,320,311,293,308,305,307,300,301,310,298,322,321,306],"class_list":{"0":"post-52645","1":"product","2":"type-product","3":"status-publish","4":"has-post-thumbnail","6":"product_cat-kirchen","7":"product_tag-altare","8":"product_tag-arbeitsplan","9":"product_tag-becken","10":"product_tag-beschichtungen","11":"product_tag-boden-und-wande","12":"product_tag-handwerker","13":"product_tag-handwerkskunst","14":"product_tag-historische-gebaude","15":"product_tag-jerusalem","16":"product_tag-kirche","17":"product_tag-kirchen","18":"product_tag-kirchenboeden","19":"product_tag-schlosser","20":"product_tag-statuen","21":"product_tag-stufen","22":"product_tag-taufbecken","24":"first","25":"instock","26":"shipping-taxable","27":"product-type-simple"},"jetpack_sharing_enabled":true,"_links":{"self":[{"href":"https:\/\/www.pietradigerusalemme.com\/de\/wp-json\/wp\/v2\/product\/52645","targetHints":{"allow":["GET"]}}],"collection":[{"href":"https:\/\/www.pietradigerusalemme.com\/de\/wp-json\/wp\/v2\/product"}],"about":[{"href":"https:\/\/www.pietradigerusalemme.com\/de\/wp-json\/wp\/v2\/types\/product"}],"replies":[{"embeddable":true,"href":"https:\/\/www.pietradigerusalemme.com\/de\/wp-json\/wp\/v2\/comments?post=52645"}],"wp:featuredmedia":[{"embeddable":true,"href":"https:\/\/www.pietradigerusalemme.com\/de\/wp-json\/wp\/v2\/media\/52630"}],"wp:attachment":[{"href":"https:\/\/www.pietradigerusalemme.com\/de\/wp-json\/wp\/v2\/media?parent=52645"}],"wp:term":[{"taxonomy":"product_brand","embeddable":true,"href":"https:\/\/www.pietradigerusalemme.com\/de\/wp-json\/wp\/v2\/product_brand?post=52645"},{"taxonomy":"product_cat","embeddable":true,"href":"https:\/\/www.pietradigerusalemme.com\/de\/wp-json\/wp\/v2\/product_cat?post=52645"},{"taxonomy":"product_tag","embeddable":true,"href":"https:\/\/www.pietradigerusalemme.com\/de\/wp-json\/wp\/v2\/product_tag?post=52645"}],"curies":[{"name":"wp","href":"https:\/\/api.w.org\/{rel}","templated":true}]}}