{"id":53182,"date":"2023-11-02T17:44:01","date_gmt":"2023-11-02T17:44:01","guid":{"rendered":"https:\/\/www.pietradigerusalemme.com\/prodotto\/gestaltung\/"},"modified":"2024-10-23T09:03:16","modified_gmt":"2024-10-23T09:03:16","slug":"entwurf","status":"publish","type":"product","link":"https:\/\/www.pietradigerusalemme.com\/de\/produkt\/entwurf\/","title":{"rendered":"Gestaltung"},"content":{"rendered":"<p>Ein Design-Tisch aus Stein von gro\u00dfer H\u00e4rte und Festigkeit, eine k\u00fcnstlerische Skulptur f\u00fcr die Einrichtung von repr\u00e4sentativen R\u00e4umen.<\/p>\n","protected":false},"excerpt":{"rendered":"<p>Design-Steintisch mit exklusiver, handgefertigter Oberfl\u00e4che. Die Platte besteht aus vier Teilen mit einer St\u00e4rke von 3 cm und Kanten mit einer Neigung von 70 Grad.<\/p>\n","protected":false},"featured_media":53109,"comment_status":"open","ping_status":"closed","template":"","meta":{"_et_pb_use_builder":"","_et_pb_old_content":"","_et_gb_content_width":"","iawp_total_views":12},"product_brand":[],"product_cat":[137],"product_tag":[541,536,539,542,543,544],"class_list":{"0":"post-53182","1":"product","2":"type-product","3":"status-publish","4":"has-post-thumbnail","6":"product_cat-erganzungen","7":"product_tag-designer-tische","8":"product_tag-inneneinrichtung","9":"product_tag-jerusalemer-steintische","10":"product_tag-masgefertigte-tische","11":"product_tag-moderne-tische","12":"product_tag-schone-tische","14":"first","15":"instock","16":"shipping-taxable","17":"product-type-simple"},"jetpack_sharing_enabled":true,"_links":{"self":[{"href":"https:\/\/www.pietradigerusalemme.com\/de\/wp-json\/wp\/v2\/product\/53182","targetHints":{"allow":["GET"]}}],"collection":[{"href":"https:\/\/www.pietradigerusalemme.com\/de\/wp-json\/wp\/v2\/product"}],"about":[{"href":"https:\/\/www.pietradigerusalemme.com\/de\/wp-json\/wp\/v2\/types\/product"}],"replies":[{"embeddable":true,"href":"https:\/\/www.pietradigerusalemme.com\/de\/wp-json\/wp\/v2\/comments?post=53182"}],"wp:featuredmedia":[{"embeddable":true,"href":"https:\/\/www.pietradigerusalemme.com\/de\/wp-json\/wp\/v2\/media\/53109"}],"wp:attachment":[{"href":"https:\/\/www.pietradigerusalemme.com\/de\/wp-json\/wp\/v2\/media?parent=53182"}],"wp:term":[{"taxonomy":"product_brand","embeddable":true,"href":"https:\/\/www.pietradigerusalemme.com\/de\/wp-json\/wp\/v2\/product_brand?post=53182"},{"taxonomy":"product_cat","embeddable":true,"href":"https:\/\/www.pietradigerusalemme.com\/de\/wp-json\/wp\/v2\/product_cat?post=53182"},{"taxonomy":"product_tag","embeddable":true,"href":"https:\/\/www.pietradigerusalemme.com\/de\/wp-json\/wp\/v2\/product_tag?post=53182"}],"curies":[{"name":"wp","href":"https:\/\/api.w.org\/{rel}","templated":true}]}}