{"id":54063,"date":"2025-04-09T09:41:35","date_gmt":"2025-04-09T09:41:35","guid":{"rendered":"https:\/\/www.pietradigerusalemme.com\/?post_type=product&#038;p=54063"},"modified":"2025-05-06T08:34:58","modified_gmt":"2025-05-06T08:34:58","slug":"synagogen-fusboden-kopie","status":"publish","type":"product","link":"https:\/\/www.pietradigerusalemme.com\/de\/produkt\/synagogen-fusboden-kopie\/","title":{"rendered":"Synagogen Fu\u00dfb\u00f6den (Kopie)++"},"content":{"rendered":"<p class=\"p1\">La <span class=\"s1\"><b>Jerusalemer Stein<\/b><\/span> ist ein nat\u00fcrlicher Kalkstein, der f\u00fcr seine St\u00e4rke und Vielseitigkeit gesch\u00e4tzt wird. Mit einer durchschnittlichen Dichte von ca. <span class=\"s1\"><b>2,3 g\/cm\u00b3<\/b><\/span> und einer<span class=\"s1\"><b>Wasseraufnahmef\u00e4higkeit von weniger als 5%.<\/b><\/span>bietet er selbst in Umgebungen mit hoher Luftfeuchtigkeit eine ausgezeichnete Haltbarkeit.<br \/>\nSeine <span class=\"s1\"><b>geringe Porosit\u00e4t<\/b><\/span> eignet es sich f\u00fcr Innen- und Au\u00dfenverkleidungen und garantiert eine hohe Widerstandsf\u00e4higkeit gegen Temperaturschwankungen und Abnutzung im Laufe der Zeit. Erh\u00e4ltlich in verschiedenen Oberfl\u00e4chenausf\u00fchrungen &#8211; <span class=\"s1\"><b>geschliffen, geh\u00e4mmert, geb\u00fcrstet und antikisiert<\/b><\/span> &#8211; ist dieser Stein perfekt f\u00fcr die Architektur von Synagogen geeignet und verbindet Funktionalit\u00e4t und \u00c4sthetik. Au\u00dferdem ist Jerusalem Stone ein nat\u00fcrliches und nachhaltiges Material, das mit umweltfreundlichen Verfahren gewonnen und verarbeitet wird, um ein harmonisches und authentisches Erscheinungsbild zu gew\u00e4hrleisten.   <\/p>\n","protected":false},"excerpt":{"rendered":"<p class=\"p1\">La <span class=\"s1\"><b>Jerusalemer Stein<\/b><\/span> ist ein einzigartiges und zeitloses Material, das tief in der j\u00fcdischen Geschichte und Kultur verwurzelt ist. Dieser Naturstein, der seit Jahrhunderten in den heiligsten Bauten verwendet wird, zeichnet sich durch seine raffinierte Textur und seine warmen Farbt\u00f6ne aus, die eine Atmosph\u00e4re der Besinnung und Feierlichkeit schaffen. Perfekt f\u00fcr Innen- und Au\u00dfenverkleidungen, verleiht Jerusalem Stone Synagogen <span class=\"s1\"><b>Synagogen<\/b><\/span> ein majest\u00e4tisches und authentisches Aussehen, respektiert die architektonischen Traditionen und unterstreicht die spirituelle Symbolik der R\u00e4ume.<br \/>\nDank seiner Widerstandsf\u00e4higkeit und zeitlosen Sch\u00f6nheit ist er die ideale Wahl f\u00fcr alle, die sich ein Gotteshaus w\u00fcnschen, das historische Tiefe und Sakralit\u00e4t ausdr\u00fcckt.  <\/p>\n","protected":false},"featured_media":0,"comment_status":"open","ping_status":"closed","template":"","meta":{"_et_pb_use_builder":"","_et_pb_old_content":"","_et_gb_content_width":"","iawp_total_views":0},"product_brand":[],"product_cat":[134],"product_tag":[],"class_list":{"0":"post-54063","1":"product","2":"type-product","3":"status-publish","5":"product_cat-kirchen","7":"first","8":"instock","9":"shipping-taxable","10":"product-type-simple"},"jetpack_sharing_enabled":true,"_links":{"self":[{"href":"https:\/\/www.pietradigerusalemme.com\/de\/wp-json\/wp\/v2\/product\/54063","targetHints":{"allow":["GET"]}}],"collection":[{"href":"https:\/\/www.pietradigerusalemme.com\/de\/wp-json\/wp\/v2\/product"}],"about":[{"href":"https:\/\/www.pietradigerusalemme.com\/de\/wp-json\/wp\/v2\/types\/product"}],"replies":[{"embeddable":true,"href":"https:\/\/www.pietradigerusalemme.com\/de\/wp-json\/wp\/v2\/comments?post=54063"}],"wp:attachment":[{"href":"https:\/\/www.pietradigerusalemme.com\/de\/wp-json\/wp\/v2\/media?parent=54063"}],"wp:term":[{"taxonomy":"product_brand","embeddable":true,"href":"https:\/\/www.pietradigerusalemme.com\/de\/wp-json\/wp\/v2\/product_brand?post=54063"},{"taxonomy":"product_cat","embeddable":true,"href":"https:\/\/www.pietradigerusalemme.com\/de\/wp-json\/wp\/v2\/product_cat?post=54063"},{"taxonomy":"product_tag","embeddable":true,"href":"https:\/\/www.pietradigerusalemme.com\/de\/wp-json\/wp\/v2\/product_tag?post=54063"}],"curies":[{"name":"wp","href":"https:\/\/api.w.org\/{rel}","templated":true}]}}