{"id":32347,"date":"2023-06-22T15:12:27","date_gmt":"2023-06-22T15:12:27","guid":{"rendered":"https:\/\/www.pietradigerusalemme.com\/a-propos-de-nous\/"},"modified":"2023-07-11T13:50:03","modified_gmt":"2023-07-11T13:50:03","slug":"a-propos-de-nous","status":"publish","type":"page","link":"https:\/\/www.pietradigerusalemme.com\/fr\/a-propos-de-nous\/","title":{"rendered":"\u00c0 propos de nous"},"content":{"rendered":"<p>[et_pb_section fb_built=&#8221;1&#8243; admin_label=&#8221;Header &#038; About&#8221; _builder_version=&#8221;4.20.0&#8243; _module_preset=&#8221;default&#8221; collapsed=&#8221;on&#8221; global_colors_info=&#8221;{}&#8221;][et_pb_row admin_label=&#8221;Ligne&#8221; _builder_version=&#8221;4.20.0&#8243; _module_preset=&#8221;default&#8221; global_colors_info=&#8221;{}&#8221;][et_pb_column type=&#8221;4_4&#8243; _builder_version=&#8221;4.20.0&#8243; _module_preset=&#8221;default&#8221; global_colors_info=&#8221;{}&#8221;][et_pb_text _builder_version=&#8221;4.21.0&#8243; _module_preset=&#8221;72328db2-0964-4772-9b00-7f8ea4e19c35&#8243; text_orientation=&#8221;center&#8221; custom_margin_tablet=&#8221;&#8221; custom_margin_phone=&#8221;-33px||-45px||false|false&#8221; custom_margin_last_edited=&#8221;on|phone&#8221; header_font_size_phone=&#8221;30px&#8221; global_colors_info=&#8221;{}&#8221;]<\/p>\n<h1>\u00c0 propos de nous<\/h1>\n<p>[\/et_pb_text][\/et_pb_column][\/et_pb_row][et_pb_row column_structure=&#8221;1_2,1_2&#8243; _builder_version=&#8221;4.21.0&#8243; _module_preset=&#8221;default&#8221; global_colors_info=&#8221;{}&#8221;][et_pb_column type=&#8221;1_2&#8243; _builder_version=&#8221;4.21.0&#8243; _module_preset=&#8221;default&#8221; global_colors_info=&#8221;{}&#8221;][et_pb_image src=&#8221;https:\/\/www.pietradigerusalemme.com\/wp-content\/uploads\/2023\/06\/Pietra-di-Gerusalemme-lavorazione-anticata-1-scaled.jpg&#8221; title_text=&#8221;Pierre de J\u00e9rusalem, ex\u00e9cution antiquaire&#8221; _builder_version=&#8221;4.21.0&#8243; _module_preset=&#8221;default&#8221; global_colors_info=&#8221;{}&#8221;][\/et_pb_image][et_pb_button button_url=&#8221;@ET-DC@eyJkeW5hbWljIjp0cnVlLCJjb250ZW50IjoicG9zdF9saW5rX3VybF9wYWdlIiwic2V0dGluZ3MiOnsicG9zdF9pZCI6IjMyNDEwIn19@&#8221; button_text=&#8221;VOIR CATALOGUE&#8221; _builder_version=&#8221;4.21.0&#8243; _dynamic_attributes=&#8221;button_url&#8221; _module_preset=&#8221;ba5b7cfc-ca85-4b30-98a6-c2fc1eaea30a&#8221; button_bg_color=&#8221;#d9b882&#8243; button_font=&#8221;|600||on|||||&#8221; hover_enabled=&#8221;0&#8243; locked=&#8221;off&#8221; global_colors_info=&#8221;{}&#8221; sticky_enabled=&#8221;0&#8243;][\/et_pb_button][\/et_pb_column][et_pb_column type=&#8221;1_2&#8243; _builder_version=&#8221;4.20.0&#8243; _module_preset=&#8221;default&#8221; global_colors_info=&#8221;{}&#8221;][et_pb_image src=&#8221;https:\/\/www.pietradigerusalemme.com\/wp-content\/uploads\/2023\/06\/Pietra-di-Gerusalemme-anticata-per-arredi-sacri.jpg&#8221; title_text=&#8221;Pierre de J\u00e9rusalem antique pour mobilier sacr\u00e9&#8221; _builder_version=&#8221;4.21.0&#8243; _module_preset=&#8221;default&#8221; global_colors_info=&#8221;{}&#8221;][\/et_pb_image][et_pb_text _builder_version=&#8221;4.21.0&#8243; _module_preset=&#8221;24c2b29f-b533-49b7-99ed-ddecc6cbfbf8&#8243; custom_margin=&#8221;||10px||false|false&#8221; header_2_font_size_phone=&#8221;30px&#8221; global_colors_info=&#8221;{}&#8221;]<\/p>\n<h2>Une tradition qui vient de loin<\/h2>\n<p>[\/et_pb_text][et_pb_text _builder_version=&#8221;4.21.0&#8243; _module_preset=&#8221;bd2d670c-9eaa-4a9b-94af-37cfc3b9a4ab&#8221; header_4_font=&#8221;|700||on|||||&#8221; header_4_font_size=&#8221;16px&#8221; custom_margin=&#8221;||10px||false|false&#8221; header_4_font_tablet=&#8221;|700||on|||||&#8221; header_4_font_phone=&#8221;|600||on|||||&#8221; header_4_font_last_edited=&#8221;on|phone&#8221; global_colors_info=&#8221;{}&#8221;]<\/p>\n<h4>L&#8217;histoire de JERUSALEM STONE<\/h4>\n<p>[\/et_pb_text][et_pb_text _builder_version=&#8221;4.21.0&#8243; _module_preset=&#8221;6d971998-2a2d-43d7-b1b3-6959491ae13f&#8221; text_font_size_phone=&#8221;16px&#8221; global_colors_info=&#8221;{}&#8221;]<\/p>\n<p>Je suis Guido Medici, Italien de naissance mais citoyen du monde par choix. Passionn\u00e9e par les voyages, la mer et les cultures pr\u00e9sentes dans chaque coin de rue, je parle quatre langues et porte fi\u00e8rement le drapeau italien dans le monde entier.<br \/>Tous mes voyages m&#8217;ont conduit, il y a maintenant 30 ans, en Isra\u00ebl o\u00f9 des ma\u00eetres artisans extraient et transforment sur place la seule et unique v\u00e9ritable pierre de J\u00e9rusalem.<br \/>Une fois trait\u00e9es, j&#8217;importe les plaques en Italie et les installe chez mes clients, pour lesquels nous cr\u00e9ons \u00e9galement des projets \u00e0 partir de z\u00e9ro si n\u00e9cessaire.<\/p>\n<p>Le travail de la pierre de J\u00e9rusalem rend ce mat\u00e9riau unique et peut \u00eatre consid\u00e9r\u00e9 comme une v\u00e9ritable \u0153uvre d&#8217;art en pierre.<\/p>\n<p>Nous cr\u00e9ons des ouvrages en pierre pour tout type de structure : villas, fermes, h\u00f4tels, piscines et \u00e9glises.<\/p>\n<p>Nous concevons \u00e9galement des accessoires tels que des <em>escaliers, des piscines, des bacs \u00e0 douche, des lavabos, des plans de cuisine, des chemin\u00e9es, des seuils et des appuis de fen\u00eatre, ainsi que des rev\u00eatements de sol et de mur<\/em>.<\/p>\n<p>[\/et_pb_text][\/et_pb_column][\/et_pb_row][\/et_pb_section]<\/p>\n","protected":false},"excerpt":{"rendered":"<p>\u00c0 propos de nousUne tradition qui vient de loinL&#8217;histoire de JERUSALEM STONEJe suis Guido Medici, Italien de naissance mais citoyen du monde par choix. Passionn\u00e9e par les voyages, la mer et les cultures pr\u00e9sentes dans chaque coin de rue, je parle quatre langues et porte fi\u00e8rement le drapeau italien dans le monde entier.Tous mes voyages [&hellip;]<\/p>\n","protected":false},"author":1,"featured_media":0,"parent":0,"menu_order":0,"comment_status":"closed","ping_status":"closed","template":"","meta":{"_et_pb_use_builder":"on","_et_pb_old_content":"","_et_gb_content_width":"","iawp_total_views":51,"footnotes":""},"class_list":["post-32347","page","type-page","status-publish","hentry"],"jetpack_sharing_enabled":true,"_links":{"self":[{"href":"https:\/\/www.pietradigerusalemme.com\/fr\/wp-json\/wp\/v2\/pages\/32347","targetHints":{"allow":["GET"]}}],"collection":[{"href":"https:\/\/www.pietradigerusalemme.com\/fr\/wp-json\/wp\/v2\/pages"}],"about":[{"href":"https:\/\/www.pietradigerusalemme.com\/fr\/wp-json\/wp\/v2\/types\/page"}],"author":[{"embeddable":true,"href":"https:\/\/www.pietradigerusalemme.com\/fr\/wp-json\/wp\/v2\/users\/1"}],"replies":[{"embeddable":true,"href":"https:\/\/www.pietradigerusalemme.com\/fr\/wp-json\/wp\/v2\/comments?post=32347"}],"version-history":[{"count":13,"href":"https:\/\/www.pietradigerusalemme.com\/fr\/wp-json\/wp\/v2\/pages\/32347\/revisions"}],"predecessor-version":[{"id":52208,"href":"https:\/\/www.pietradigerusalemme.com\/fr\/wp-json\/wp\/v2\/pages\/32347\/revisions\/52208"}],"wp:attachment":[{"href":"https:\/\/www.pietradigerusalemme.com\/fr\/wp-json\/wp\/v2\/media?parent=32347"}],"curies":[{"name":"wp","href":"https:\/\/api.w.org\/{rel}","templated":true}]}}