{"id":51649,"date":"2023-06-07T15:07:51","date_gmt":"2023-06-07T15:07:51","guid":{"rendered":"https:\/\/www.pietradigerusalemme.com\/prodotto\/biblique\/"},"modified":"2024-01-29T13:23:11","modified_gmt":"2024-01-29T13:23:11","slug":"biblique","status":"publish","type":"product","link":"https:\/\/www.pietradigerusalemme.com\/fr\/produit\/biblique\/","title":{"rendered":"Biblique"},"content":{"rendered":"<p class=\"p1\"><span class=\"s1\">Le sol biblique de J\u00e9rusalem est constitu\u00e9 d&#8217;un m\u00e9lange des diff\u00e9rentes couleurs de la pierre naturelle de J\u00e9rusalem.<\/span><\/p>\n<p>Pour mieux s&#8217;adapter aux caract\u00e9ristiques de votre propri\u00e9t\u00e9, les diff\u00e9rentes couleurs de la pierre peuvent \u00eatre m\u00e9lang\u00e9es \u00e0 volont\u00e9.<br \/>\nLes couleurs de la pierre naturelle dont il est compos\u00e9 sont Gerusalemme Gold, Gerusalemme Grey, Gerusalemme Grey Gold et Gerusalemme Pink, qui peuvent toujours \u00eatre ins\u00e9r\u00e9es \u00e0 volont\u00e9.<\/p>\n<p>Les \u00e9paisseurs peuvent aller de 1,2 cm \u00e0 2 cm, et diff\u00e9rents choix de finitions et de formats sont disponibles.<\/p>\n<p>La pierre de J\u00e9rusalem est le r\u00e9sultat d&#8217;un processus naturel et est donc soumise \u00e0 la variabilit\u00e9 du hasard, ce qui signifie qu&#8217;il n&#8217;y aura jamais de copie exacte.<\/p>\n<p>Cette caract\u00e9ristique particuli\u00e8re de la pierre de J\u00e9rusalem est une pr\u00e9rogative et une caract\u00e9ristique tr\u00e8s appr\u00e9ci\u00e9e, car elle la rend unique dans l&#8217;ensemble du panorama des pierres naturelles.<\/p>\n<div class=\"et_pb_module et_pb_wc_description et_pb_wc_description_1_tb_body et_pb_bg_layout_light et_pb_text_align_left\">\n<div class=\"et_pb_module_inner\">\n<p>Compte tenu de ce qui pr\u00e9c\u00e8de et pour se faire une id\u00e9e de l&#8217;effet final du sol, il est conseill\u00e9 de voir une composition compos\u00e9e d&#8217;un ensemble de morceaux de pierre diff\u00e9rents afin de comprendre cette caract\u00e9ristique particuli\u00e8re, de sorte que vous puissiez vous faire une meilleure id\u00e9e de ce que sera l&#8217;effet final de la couleur de votre sol.<\/p>\n<\/div>\n<\/div>\n","protected":false},"excerpt":{"rendered":"<p class=\"p1\"><span class=\"s1\">Dallage biblique en pierre naturelle de J\u00e9rusalem, fabriqu\u00e9 \u00e0 partir des diff\u00e9rentes couleurs de la pierre naturelle de J\u00e9rusalem avec un savoir-faire artisanal.<br \/>\nId\u00e9al pour la r\u00e9novation de chalets, de vieilles villas, de ch\u00e2teaux et de b\u00e2timents historiques.<\/span><\/p>\n<p>Les sols en pierre ancienne se pr\u00eatent \u00e9galement tr\u00e8s bien \u00e0 une combinaison avec des meubles modernes et cr\u00e9ent des environnements \u00e9l\u00e9gants et \u00e9motionnels.<\/p>\n","protected":false},"featured_media":31212,"comment_status":"open","ping_status":"closed","template":"","meta":{"_et_pb_use_builder":"","_et_pb_old_content":"","_et_gb_content_width":"","iawp_total_views":64},"product_brand":[],"product_cat":[133],"product_tag":[404,421,436,424,252,432,431,433,422,415,414,413,559,410,409,420,418,403,402],"class_list":{"0":"post-51649","1":"product","2":"type-product","3":"status-publish","4":"has-post-thumbnail","6":"product_cat-sols-revetements","7":"product_tag-ancienne-villa","8":"product_tag-artisanat","9":"product_tag-artisans","10":"product_tag-batiments-historiques","11":"product_tag-biblical-fr","12":"product_tag-chalets","13":"product_tag-chateaux","14":"product_tag-fermes","15":"product_tag-jerusalem-fr","16":"product_tag-pierre","17":"product_tag-pierre-de-jerusalem","18":"product_tag-pierre-naturelle","19":"product_tag-planchers-anciens","20":"product_tag-renovation-fr","21":"product_tag-revetements","22":"product_tag-sols","23":"product_tag-sols-et-murs","24":"product_tag-villa-fr","25":"product_tag-villas-fr","27":"first","28":"instock","29":"shipping-taxable","30":"product-type-simple"},"jetpack_sharing_enabled":true,"_links":{"self":[{"href":"https:\/\/www.pietradigerusalemme.com\/fr\/wp-json\/wp\/v2\/product\/51649","targetHints":{"allow":["GET"]}}],"collection":[{"href":"https:\/\/www.pietradigerusalemme.com\/fr\/wp-json\/wp\/v2\/product"}],"about":[{"href":"https:\/\/www.pietradigerusalemme.com\/fr\/wp-json\/wp\/v2\/types\/product"}],"replies":[{"embeddable":true,"href":"https:\/\/www.pietradigerusalemme.com\/fr\/wp-json\/wp\/v2\/comments?post=51649"}],"wp:featuredmedia":[{"embeddable":true,"href":"https:\/\/www.pietradigerusalemme.com\/fr\/wp-json\/wp\/v2\/media\/31212"}],"wp:attachment":[{"href":"https:\/\/www.pietradigerusalemme.com\/fr\/wp-json\/wp\/v2\/media?parent=51649"}],"wp:term":[{"taxonomy":"product_brand","embeddable":true,"href":"https:\/\/www.pietradigerusalemme.com\/fr\/wp-json\/wp\/v2\/product_brand?post=51649"},{"taxonomy":"product_cat","embeddable":true,"href":"https:\/\/www.pietradigerusalemme.com\/fr\/wp-json\/wp\/v2\/product_cat?post=51649"},{"taxonomy":"product_tag","embeddable":true,"href":"https:\/\/www.pietradigerusalemme.com\/fr\/wp-json\/wp\/v2\/product_tag?post=51649"}],"curies":[{"name":"wp","href":"https:\/\/api.w.org\/{rel}","templated":true}]}}