{"id":51653,"date":"2023-06-19T10:10:43","date_gmt":"2023-06-19T10:10:43","guid":{"rendered":"https:\/\/www.pietradigerusalemme.com\/prodotto\/cathedrale\/"},"modified":"2023-10-13T13:31:51","modified_gmt":"2023-10-13T13:31:51","slug":"cathedrale","status":"publish","type":"product","link":"https:\/\/www.pietradigerusalemme.com\/fr\/produit\/cathedrale\/","title":{"rendered":"Cath\u00e9drale"},"content":{"rendered":"<p class=\"p1\"><span class=\"s1\">La pierre de J\u00e9rusalem cath\u00e9drale, tout en conservant le m\u00eame type de pierre de J\u00e9rusalem, peut pr\u00e9senter diff\u00e9rentes variations de finition ; le style sera donc appropri\u00e9 en fonction de l&#8217;environnement o\u00f9 l&#8217;on souhaite la placer.<br \/>\n<\/span><\/p>\n<p class=\"p1\"><span class=\"s1\">Finition de sol antique et \u00e9l\u00e9gante pour les villas, les fermes, les fermes d&#8217;\u00e9poque, ou finitions de sol, de salle de bain et de mur avec une finition plus rustique pour les ch\u00e2teaux et les tr\u00e8s vieilles maisons historiques. Les formats et les processus de finition seront ex\u00e9cut\u00e9s et adapt\u00e9s en harmonie avec l&#8217;environnement o\u00f9 ils seront plac\u00e9s.  <\/span><\/p>\n<p class=\"p1\"><span class=\"s1\">La pierre de J\u00e9rusalem est le r\u00e9sultat d&#8217;un processus naturel et est donc soumise \u00e0 la variabilit\u00e9 du hasard, ce qui signifie qu&#8217;il n&#8217;y aura jamais de copie exacte.<\/span><\/p>\n<p>Cette caract\u00e9ristique particuli\u00e8re de la pierre de J\u00e9rusalem est une pr\u00e9rogative et une caract\u00e9ristique tr\u00e8s appr\u00e9ci\u00e9e, car elle la rend unique dans l&#8217;ensemble du panorama des pierres naturelles.<\/p>\n<div class=\"et_pb_module et_pb_wc_description et_pb_wc_description_1_tb_body et_pb_bg_layout_light et_pb_text_align_left\">\n<div class=\"et_pb_module_inner\">\n<p>Compte tenu de ce qui pr\u00e9c\u00e8de et pour se faire une id\u00e9e de l&#8217;effet final du sol, il est conseill\u00e9 de voir une composition compos\u00e9e d&#8217;un ensemble de morceaux de pierre diff\u00e9rents afin de comprendre cette caract\u00e9ristique particuli\u00e8re, de sorte que vous puissiez vous faire une meilleure id\u00e9e de ce que sera l&#8217;effet final de la couleur de votre sol.<\/p>\n<\/div>\n<\/div>\n","protected":false},"excerpt":{"rendered":"<p class=\"p1\"><span class=\"s1\">Dallage en pierre naturelle de J\u00e9rusalem, rustique, antique et d&#8217;une \u00e9l\u00e9gance fascinante, id\u00e9al pour la r\u00e9novation d&#8217;anciennes villas, de fermes, de ch\u00e2teaux et de b\u00e2timents historiques de grande valeur.<\/span><\/p>\n<p>Besoin d&#8217;informations ? \u00c9crivez-nous et nous nous ferons un plaisir de r\u00e9pondre \u00e0 vos besoins.<\/p>\n","protected":false},"featured_media":52260,"comment_status":"open","ping_status":"closed","template":"","meta":{"_et_pb_use_builder":"","_et_pb_old_content":"","_et_gb_content_width":"","iawp_total_views":31},"product_brand":[],"product_cat":[133],"product_tag":[404,421,436,424,252,430,432,431,433,422,415,414,413,410,409,420,418,403,402],"class_list":{"0":"post-51653","1":"product","2":"type-product","3":"status-publish","4":"has-post-thumbnail","6":"product_cat-sols-revetements","7":"product_tag-ancienne-villa","8":"product_tag-artisanat","9":"product_tag-artisans","10":"product_tag-batiments-historiques","11":"product_tag-biblical-fr","12":"product_tag-cathedrale","13":"product_tag-chalets","14":"product_tag-chateaux","15":"product_tag-fermes","16":"product_tag-jerusalem-fr","17":"product_tag-pierre","18":"product_tag-pierre-de-jerusalem","19":"product_tag-pierre-naturelle","20":"product_tag-renovation-fr","21":"product_tag-revetements","22":"product_tag-sols","23":"product_tag-sols-et-murs","24":"product_tag-villa-fr","25":"product_tag-villas-fr","27":"first","28":"instock","29":"shipping-taxable","30":"product-type-simple"},"jetpack_sharing_enabled":true,"_links":{"self":[{"href":"https:\/\/www.pietradigerusalemme.com\/fr\/wp-json\/wp\/v2\/product\/51653","targetHints":{"allow":["GET"]}}],"collection":[{"href":"https:\/\/www.pietradigerusalemme.com\/fr\/wp-json\/wp\/v2\/product"}],"about":[{"href":"https:\/\/www.pietradigerusalemme.com\/fr\/wp-json\/wp\/v2\/types\/product"}],"replies":[{"embeddable":true,"href":"https:\/\/www.pietradigerusalemme.com\/fr\/wp-json\/wp\/v2\/comments?post=51653"}],"wp:featuredmedia":[{"embeddable":true,"href":"https:\/\/www.pietradigerusalemme.com\/fr\/wp-json\/wp\/v2\/media\/52260"}],"wp:attachment":[{"href":"https:\/\/www.pietradigerusalemme.com\/fr\/wp-json\/wp\/v2\/media?parent=51653"}],"wp:term":[{"taxonomy":"product_brand","embeddable":true,"href":"https:\/\/www.pietradigerusalemme.com\/fr\/wp-json\/wp\/v2\/product_brand?post=51653"},{"taxonomy":"product_cat","embeddable":true,"href":"https:\/\/www.pietradigerusalemme.com\/fr\/wp-json\/wp\/v2\/product_cat?post=51653"},{"taxonomy":"product_tag","embeddable":true,"href":"https:\/\/www.pietradigerusalemme.com\/fr\/wp-json\/wp\/v2\/product_tag?post=51653"}],"curies":[{"name":"wp","href":"https:\/\/api.w.org\/{rel}","templated":true}]}}