{"id":51924,"date":"2023-06-19T09:51:09","date_gmt":"2023-06-19T09:51:09","guid":{"rendered":"https:\/\/www.pietradigerusalemme.com\/prodotto\/nazareth\/"},"modified":"2024-10-22T07:21:08","modified_gmt":"2024-10-22T07:21:08","slug":"nazareth","status":"publish","type":"product","link":"https:\/\/www.pietradigerusalemme.com\/fr\/produit\/nazareth\/","title":{"rendered":"Nazareth"},"content":{"rendered":"<p class=\"p1\"><span class=\"s1\">La pierre naturelle de J\u00e9rusalem Nazareth, vieillie mais aussi \u00e0 usage moderne, fait appel \u00e0 un savoir-faire artistique exclusif et est enrichie d&#8217;une composition de motifs de pose en opus romano de 13 formats.  <\/span><\/p>\n<p class=\"p1\"><span class=\"s1\">L&#8217;\u00e9paisseur du sol en pierre est de 2 cm, pour le rev\u00eatement mural de la salle de bains, vous pouvez choisir entre 1,2 cm et 2 cm en fonction de la taille. La pierre de J\u00e9rusalem est le r\u00e9sultat d&#8217;un processus naturel et est donc soumise \u00e0 la variabilit\u00e9 du hasard, ce qui signifie qu&#8217;il n&#8217;y aura jamais de copie exacte.<\/span><\/p>\n<p>  Cette caract\u00e9ristique particuli\u00e8re de la pierre de J\u00e9rusalem est une pr\u00e9rogative et une caract\u00e9ristique tr\u00e8s appr\u00e9ci\u00e9e, car elle la rend unique dans l&#8217;ensemble du panorama des pierres naturelles.  <\/p>\n<div class=\"et_pb_module et_pb_wc_description et_pb_wc_description_1_tb_body et_pb_bg_layout_light et_pb_text_align_left\">\n<div class=\"et_pb_module_inner\">  Compte tenu de ce qui pr\u00e9c\u00e8de et pour avoir une id\u00e9e de l&#8217;effet final du sol, il est conseill\u00e9 de voir une composition faite d&#8217;un ensemble de morceaux de pierre diff\u00e9rents pour comprendre cette caract\u00e9ristique particuli\u00e8re, afin que vous puissiez avoir une meilleure id\u00e9e de ce que sera l&#8217;effet final de la couleur de votre sol.  <\/div>\n<\/div>\n","protected":false},"excerpt":{"rendered":"<p class=\"p1\"><span class=\"s1\">Sol tr\u00e8s \u00e9l\u00e9gant en pierre naturelle. Le sol NAZARETH de J\u00e9rusalem est fabriqu\u00e9 \u00e0 partir des diff\u00e9rentes couleurs de la pierre de J\u00e9rusalem.  <\/span><\/p>\n<p class=\"p1\"><span class=\"s1\">Les grands formats, le savoir-faire artisanal et le mod\u00e8le de pose en 13 formats en font un sol d&#8217;une beaut\u00e9 et d&#8217;une unicit\u00e9 absolues.<\/span><\/p>\n","protected":false},"featured_media":31260,"comment_status":"open","ping_status":"closed","template":"","meta":{"_et_pb_use_builder":"","_et_pb_old_content":"","_et_gb_content_width":"","iawp_total_views":33},"product_brand":[],"product_cat":[133],"product_tag":[404,421,436,424,252,432,431,433,422,278,415,414,413,410,409,420,418,403,402],"class_list":{"0":"post-51924","1":"product","2":"type-product","3":"status-publish","4":"has-post-thumbnail","6":"product_cat-sols-revetements","7":"product_tag-ancienne-villa","8":"product_tag-artisanat","9":"product_tag-artisans","10":"product_tag-batiments-historiques","11":"product_tag-biblical-fr","12":"product_tag-chalets","13":"product_tag-chateaux","14":"product_tag-fermes","15":"product_tag-jerusalem-fr","16":"product_tag-nazareth-fr","17":"product_tag-pierre","18":"product_tag-pierre-de-jerusalem","19":"product_tag-pierre-naturelle","20":"product_tag-renovation-fr","21":"product_tag-revetements","22":"product_tag-sols","23":"product_tag-sols-et-murs","24":"product_tag-villa-fr","25":"product_tag-villas-fr","27":"first","28":"instock","29":"shipping-taxable","30":"product-type-simple"},"jetpack_sharing_enabled":true,"_links":{"self":[{"href":"https:\/\/www.pietradigerusalemme.com\/fr\/wp-json\/wp\/v2\/product\/51924","targetHints":{"allow":["GET"]}}],"collection":[{"href":"https:\/\/www.pietradigerusalemme.com\/fr\/wp-json\/wp\/v2\/product"}],"about":[{"href":"https:\/\/www.pietradigerusalemme.com\/fr\/wp-json\/wp\/v2\/types\/product"}],"replies":[{"embeddable":true,"href":"https:\/\/www.pietradigerusalemme.com\/fr\/wp-json\/wp\/v2\/comments?post=51924"}],"wp:featuredmedia":[{"embeddable":true,"href":"https:\/\/www.pietradigerusalemme.com\/fr\/wp-json\/wp\/v2\/media\/31260"}],"wp:attachment":[{"href":"https:\/\/www.pietradigerusalemme.com\/fr\/wp-json\/wp\/v2\/media?parent=51924"}],"wp:term":[{"taxonomy":"product_brand","embeddable":true,"href":"https:\/\/www.pietradigerusalemme.com\/fr\/wp-json\/wp\/v2\/product_brand?post=51924"},{"taxonomy":"product_cat","embeddable":true,"href":"https:\/\/www.pietradigerusalemme.com\/fr\/wp-json\/wp\/v2\/product_cat?post=51924"},{"taxonomy":"product_tag","embeddable":true,"href":"https:\/\/www.pietradigerusalemme.com\/fr\/wp-json\/wp\/v2\/product_tag?post=51924"}],"curies":[{"name":"wp","href":"https:\/\/api.w.org\/{rel}","templated":true}]}}