{"id":51931,"date":"2023-06-19T10:22:08","date_gmt":"2023-06-19T10:22:08","guid":{"rendered":"https:\/\/www.pietradigerusalemme.com\/prodotto\/saint-tropez\/"},"modified":"2024-02-13T09:12:39","modified_gmt":"2024-02-13T09:12:39","slug":"sainttropez","status":"publish","type":"product","link":"https:\/\/www.pietradigerusalemme.com\/fr\/produit\/sainttropez\/","title":{"rendered":"Saint Tropez"},"content":{"rendered":"<p class=\"p1\"><span class=\"s1\">Sol artistique en pierre de J\u00e9rusalem Saint Tropez cr\u00e9e des environnements \u00e9l\u00e9gants et raffin\u00e9s en utilisant les diff\u00e9rentes couleurs de la belle pierre de J\u00e9rusalem. Gr\u00e2ce \u00e0 sa finition exclusive, ce sol devient une \u0153uvre d&#8217;art dans votre maison.<\/span><\/p>\n<p>Le mod\u00e8le de pose est l&#8217;opus romano avec 5 formats. L&#8217;\u00e9paisseur peut \u00eatre de 1,2 cm ou de 2 cm. Id\u00e9al pour les maisons \u00e9quip\u00e9es d&#8217;un chauffage par le sol.<\/p>\n<p class=\"p1\"><span class=\"s1\">La pierre de J\u00e9rusalem est le r\u00e9sultat d&#8217;un processus naturel et est donc soumise \u00e0 la variabilit\u00e9 du hasard, ce qui signifie qu&#8217;il n&#8217;y aura jamais de copie exacte.<\/span><\/p>\n<p>Cette caract\u00e9ristique particuli\u00e8re de la pierre de J\u00e9rusalem est une pr\u00e9rogative et une caract\u00e9ristique tr\u00e8s appr\u00e9ci\u00e9e, car elle la rend unique dans l&#8217;ensemble du panorama des pierres naturelles.<\/p>\n<div class=\"et_pb_module et_pb_wc_description et_pb_wc_description_1_tb_body et_pb_bg_layout_light et_pb_text_align_left\">\n<div class=\"et_pb_module_inner\">\n<p>Compte tenu de ce qui pr\u00e9c\u00e8de et pour se faire une id\u00e9e de l&#8217;effet final du sol, il est conseill\u00e9 de voir une composition compos\u00e9e d&#8217;un ensemble de morceaux de pierre diff\u00e9rents afin de comprendre cette caract\u00e9ristique particuli\u00e8re, de sorte que vous puissiez vous faire une meilleure id\u00e9e de ce que sera l&#8217;effet final de la couleur de votre sol.<\/p>\n<\/div>\n<\/div>\n","protected":false},"excerpt":{"rendered":"<p class=\"p1\">\n            <span class=\"s1\">Les meilleurs carreaux de sol et de mur pour l&#8217;int\u00e9rieur et l&#8217;ext\u00e9rieur sont en pierre naturelle de J\u00e9rusalem. Des sols naturels et \u00e9l\u00e9gants avec un savoir-faire artistique. Planchers pour maisons et villas historiques.<\/span>\n          <\/p>\n","protected":false},"featured_media":31302,"comment_status":"open","ping_status":"closed","template":"","meta":{"_et_pb_use_builder":"","_et_pb_old_content":"","_et_gb_content_width":"","iawp_total_views":41},"product_brand":[],"product_cat":[133],"product_tag":[404,421,436,424,252,430,432,431,433,422,415,414,413,410,409,420,418,403,402],"class_list":{"0":"post-51931","1":"product","2":"type-product","3":"status-publish","4":"has-post-thumbnail","6":"product_cat-sols-revetements","7":"product_tag-ancienne-villa","8":"product_tag-artisanat","9":"product_tag-artisans","10":"product_tag-batiments-historiques","11":"product_tag-biblical-fr","12":"product_tag-cathedrale","13":"product_tag-chalets","14":"product_tag-chateaux","15":"product_tag-fermes","16":"product_tag-jerusalem-fr","17":"product_tag-pierre","18":"product_tag-pierre-de-jerusalem","19":"product_tag-pierre-naturelle","20":"product_tag-renovation-fr","21":"product_tag-revetements","22":"product_tag-sols","23":"product_tag-sols-et-murs","24":"product_tag-villa-fr","25":"product_tag-villas-fr","27":"first","28":"instock","29":"shipping-taxable","30":"product-type-simple"},"jetpack_sharing_enabled":true,"_links":{"self":[{"href":"https:\/\/www.pietradigerusalemme.com\/fr\/wp-json\/wp\/v2\/product\/51931","targetHints":{"allow":["GET"]}}],"collection":[{"href":"https:\/\/www.pietradigerusalemme.com\/fr\/wp-json\/wp\/v2\/product"}],"about":[{"href":"https:\/\/www.pietradigerusalemme.com\/fr\/wp-json\/wp\/v2\/types\/product"}],"replies":[{"embeddable":true,"href":"https:\/\/www.pietradigerusalemme.com\/fr\/wp-json\/wp\/v2\/comments?post=51931"}],"wp:featuredmedia":[{"embeddable":true,"href":"https:\/\/www.pietradigerusalemme.com\/fr\/wp-json\/wp\/v2\/media\/31302"}],"wp:attachment":[{"href":"https:\/\/www.pietradigerusalemme.com\/fr\/wp-json\/wp\/v2\/media?parent=51931"}],"wp:term":[{"taxonomy":"product_brand","embeddable":true,"href":"https:\/\/www.pietradigerusalemme.com\/fr\/wp-json\/wp\/v2\/product_brand?post=51931"},{"taxonomy":"product_cat","embeddable":true,"href":"https:\/\/www.pietradigerusalemme.com\/fr\/wp-json\/wp\/v2\/product_cat?post=51931"},{"taxonomy":"product_tag","embeddable":true,"href":"https:\/\/www.pietradigerusalemme.com\/fr\/wp-json\/wp\/v2\/product_tag?post=51931"}],"curies":[{"name":"wp","href":"https:\/\/api.w.org\/{rel}","templated":true}]}}