{"id":51940,"date":"2023-06-19T12:45:29","date_gmt":"2023-06-19T12:45:29","guid":{"rendered":"https:\/\/www.pietradigerusalemme.com\/prodotto\/mezada\/"},"modified":"2023-10-02T09:33:26","modified_gmt":"2023-10-02T09:33:26","slug":"mezada","status":"publish","type":"product","link":"https:\/\/www.pietradigerusalemme.com\/fr\/produit\/mezada\/","title":{"rendered":"Masada"},"content":{"rendered":"<p class=\"p1\"><span class=\"s1\">Sol en pierre de J\u00e9rusalem Masada, traitement de surface artisanal.<br \/>\nPossibilit\u00e9 d&#8217;utiliser diff\u00e9rents formats de traitement et sch\u00e9mas de pose. L&#8217;\u00e9paisseur des rev\u00eatements de sol et de mur peut \u00eatre de 1,2 cm ou de 2 cm en fonction de la taille des formats, du type d&#8217;ex\u00e9cution et des exigences du site.  <\/span><\/p>\n<p class=\"p1\"><span class=\"s1\">Ces sols en pierre naturelle font appel \u00e0 notre savoir-faire unique pour vous faire vibrer et rendre vos pi\u00e8ces dignes d&#8217;un r\u00eave.<\/span><\/p>\n<p class=\"p1\"><span class=\"s1\">La pierre de J\u00e9rusalem est le r\u00e9sultat d&#8217;un processus naturel et est donc soumise \u00e0 la variabilit\u00e9 du hasard, ce qui signifie qu&#8217;il n&#8217;y aura jamais de copie exacte.<\/span><\/p>\n<p>Cette caract\u00e9ristique particuli\u00e8re de la pierre de J\u00e9rusalem est une pr\u00e9rogative et une caract\u00e9ristique tr\u00e8s appr\u00e9ci\u00e9e, car elle la rend unique dans l&#8217;ensemble du panorama des pierres naturelles.<\/p>\n<div class=\"et_pb_module et_pb_wc_description et_pb_wc_description_1_tb_body et_pb_bg_layout_light et_pb_text_align_left\">\n<div class=\"et_pb_module_inner\">\n<p>Compte tenu de ce qui pr\u00e9c\u00e8de et pour se faire une id\u00e9e de l&#8217;effet final du sol, il est conseill\u00e9 de voir une composition compos\u00e9e d&#8217;un ensemble de morceaux de pierre diff\u00e9rents afin de comprendre cette caract\u00e9ristique particuli\u00e8re, de sorte que vous puissiez vous faire une meilleure id\u00e9e de ce que sera l&#8217;effet final de la couleur de votre sol.<\/p>\n<\/div>\n<\/div>\n","protected":false},"excerpt":{"rendered":"<p class=\"p1\">\n            <span class=\"s1\">Pierre naturelle de J\u00e9rusalem MASADA, sols pour maisons historiques, sols pour villas anciennes, sols en pierre rustique. Rev\u00eatements de sol et de mur de haute qualit\u00e9 et de qualit\u00e9 sup\u00e9rieure.<\/span>\n          <\/p>\n","protected":false},"featured_media":31350,"comment_status":"open","ping_status":"closed","template":"","meta":{"_et_pb_use_builder":"","_et_pb_old_content":"","_et_gb_content_width":"","iawp_total_views":39},"product_brand":[],"product_cat":[133],"product_tag":[404,421,436,424,252,430,432,431,433,422,271,415,414,413,410,409,420,418,403,402],"class_list":{"0":"post-51940","1":"product","2":"type-product","3":"status-publish","4":"has-post-thumbnail","6":"product_cat-sols-revetements","7":"product_tag-ancienne-villa","8":"product_tag-artisanat","9":"product_tag-artisans","10":"product_tag-batiments-historiques","11":"product_tag-biblical-fr","12":"product_tag-cathedrale","13":"product_tag-chalets","14":"product_tag-chateaux","15":"product_tag-fermes","16":"product_tag-jerusalem-fr","17":"product_tag-mezada-fr","18":"product_tag-pierre","19":"product_tag-pierre-de-jerusalem","20":"product_tag-pierre-naturelle","21":"product_tag-renovation-fr","22":"product_tag-revetements","23":"product_tag-sols","24":"product_tag-sols-et-murs","25":"product_tag-villa-fr","26":"product_tag-villas-fr","28":"first","29":"instock","30":"shipping-taxable","31":"product-type-simple"},"jetpack_sharing_enabled":true,"_links":{"self":[{"href":"https:\/\/www.pietradigerusalemme.com\/fr\/wp-json\/wp\/v2\/product\/51940","targetHints":{"allow":["GET"]}}],"collection":[{"href":"https:\/\/www.pietradigerusalemme.com\/fr\/wp-json\/wp\/v2\/product"}],"about":[{"href":"https:\/\/www.pietradigerusalemme.com\/fr\/wp-json\/wp\/v2\/types\/product"}],"replies":[{"embeddable":true,"href":"https:\/\/www.pietradigerusalemme.com\/fr\/wp-json\/wp\/v2\/comments?post=51940"}],"wp:featuredmedia":[{"embeddable":true,"href":"https:\/\/www.pietradigerusalemme.com\/fr\/wp-json\/wp\/v2\/media\/31350"}],"wp:attachment":[{"href":"https:\/\/www.pietradigerusalemme.com\/fr\/wp-json\/wp\/v2\/media?parent=51940"}],"wp:term":[{"taxonomy":"product_brand","embeddable":true,"href":"https:\/\/www.pietradigerusalemme.com\/fr\/wp-json\/wp\/v2\/product_brand?post=51940"},{"taxonomy":"product_cat","embeddable":true,"href":"https:\/\/www.pietradigerusalemme.com\/fr\/wp-json\/wp\/v2\/product_cat?post=51940"},{"taxonomy":"product_tag","embeddable":true,"href":"https:\/\/www.pietradigerusalemme.com\/fr\/wp-json\/wp\/v2\/product_tag?post=51940"}],"curies":[{"name":"wp","href":"https:\/\/api.w.org\/{rel}","templated":true}]}}