{"id":52003,"date":"2023-06-06T16:55:06","date_gmt":"2023-06-06T16:55:06","guid":{"rendered":"https:\/\/www.pietradigerusalemme.com\/prodotto\/lor\/"},"modified":"2025-05-05T11:54:41","modified_gmt":"2025-05-05T11:54:41","slug":"lor","status":"publish","type":"product","link":"https:\/\/www.pietradigerusalemme.com\/fr\/produit\/lor\/","title":{"rendered":"L&#8217;or"},"content":{"rendered":"<p class=\"p1\"><span class=\"s1\">Les sols en pierre de J\u00e9rusalem sont disponibles dans des \u00e9paisseurs de 1,2 cm ou 2 cm. Les formats sont sur demande, et il existe une vari\u00e9t\u00e9 de traitements esth\u00e9tiques des surfaces et des bords pour d\u00e9terminer le style souhait\u00e9 de la maison. Gr\u00e2ce \u00e0 ces multiples possibilit\u00e9s de traitement, la pierre de J\u00e9rusalem est id\u00e9ale pour les maisons de style moderne, les r\u00e9novations d&#8217;anciennes villas, les fermes, et partout o\u00f9 l&#8217;on veut cr\u00e9er des environnements \u00e9l\u00e9gants et \u00e9motionnels.<\/span><\/p>\n<p>  En utilisant la m\u00eame pierre Jerusalem Gold, nous fabriquons sur mesure des <a href=\"\/?product_cat=receveurs-de-douche\">receveurs de douche<\/a>, des <a href=\"\/?product_cat=escaliers\">escaliers<\/a>, des <a href=\"\/?product_cat=lavabos\">\u00e9viers<\/a>, des <a href=\"\/?product_cat=cuisines\">plans de cuisine<\/a>, des appuis de fen\u00eatre de toutes formes et tailles. La pierre de J\u00e9rusalem est le r\u00e9sultat d&#8217;un processus naturel et est donc soumise \u00e0 la variabilit\u00e9 du hasard, ce qui signifie qu&#8217;il n&#8217;y aura jamais de copie exacte. Cette caract\u00e9ristique particuli\u00e8re de la pierre de J\u00e9rusalem est une pr\u00e9rogative et une caract\u00e9ristique tr\u00e8s appr\u00e9ci\u00e9e, car elle la rend unique dans l&#8217;ensemble du panorama des pierres naturelles.  <\/p>\n<p class=\"p1\"><span class=\"s1\">Compte tenu de ce qui pr\u00e9c\u00e8de et pour se faire une id\u00e9e de l&#8217;effet final du sol, il est conseill\u00e9 de voir une composition compos\u00e9e d&#8217;un ensemble de morceaux de pierre diff\u00e9rents afin de comprendre cette caract\u00e9ristique particuli\u00e8re, de sorte que vous puissiez vous faire une meilleure id\u00e9e de ce que sera l&#8217;effet final de la couleur de votre sol.<\/span><\/p>\n","protected":false},"excerpt":{"rendered":"<p class=\"p1\"><span class=\"s1\">Carreaux de sol et de mur de haute qualit\u00e9 en pierre naturelle Jerusalem Gold. Ils sont disponibles en diff\u00e9rents formats et \u00e9paisseurs pour r\u00e9pondre \u00e0 toutes sortes d&#8217;exigences en mati\u00e8re de site et de conception.<\/span><\/p>\n<p>  Vous pouvez choisir un artisanat exclusif, magnifique et tr\u00e8s \u00e9l\u00e9gant, dans un style ancien ou moderne. Il s&#8217;agit de sols en pierre naturelle qui conviennent aux r\u00e9novations et aux nouvelles habitations d&#8217;une grande valeur esth\u00e9tique et qualitative.  <\/p>\n<p class=\"p1\"><span class=\"s1\">Ils n&#8217;absorbent pas et sont tr\u00e8s faciles \u00e0 nettoyer. Gr\u00e2ce \u00e0 leur grande capacit\u00e9 de transmission de la chaleur, ils sont id\u00e9aux en cas de chauffage par le sol et ne se dilatent pas avec les changements de temp\u00e9rature, contrairement aux carreaux de c\u00e9ramique et \u00e0 d&#8217;autres mat\u00e9riaux.  <\/span><\/p>\n","protected":false},"featured_media":52330,"comment_status":"open","ping_status":"closed","template":"","meta":{"_et_pb_use_builder":"on","_et_pb_old_content":"","_et_gb_content_width":"","iawp_total_views":90},"product_brand":[],"product_cat":[133],"product_tag":[404,421,436,424,252,432,431,433,262,422,278,415,414,409,420],"class_list":{"0":"post-52003","1":"product","2":"type-product","3":"status-publish","4":"has-post-thumbnail","6":"product_cat-sols-revetements","7":"product_tag-ancienne-villa","8":"product_tag-artisanat","9":"product_tag-artisans","10":"product_tag-batiments-historiques","11":"product_tag-biblical-fr","12":"product_tag-chalets","13":"product_tag-chateaux","14":"product_tag-fermes","15":"product_tag-gold-fr","16":"product_tag-jerusalem-fr","17":"product_tag-nazareth-fr","18":"product_tag-pierre","19":"product_tag-pierre-de-jerusalem","20":"product_tag-revetements","21":"product_tag-sols","23":"first","24":"instock","25":"shipping-taxable","26":"product-type-simple"},"jetpack_sharing_enabled":true,"_links":{"self":[{"href":"https:\/\/www.pietradigerusalemme.com\/fr\/wp-json\/wp\/v2\/product\/52003","targetHints":{"allow":["GET"]}}],"collection":[{"href":"https:\/\/www.pietradigerusalemme.com\/fr\/wp-json\/wp\/v2\/product"}],"about":[{"href":"https:\/\/www.pietradigerusalemme.com\/fr\/wp-json\/wp\/v2\/types\/product"}],"replies":[{"embeddable":true,"href":"https:\/\/www.pietradigerusalemme.com\/fr\/wp-json\/wp\/v2\/comments?post=52003"}],"wp:featuredmedia":[{"embeddable":true,"href":"https:\/\/www.pietradigerusalemme.com\/fr\/wp-json\/wp\/v2\/media\/52330"}],"wp:attachment":[{"href":"https:\/\/www.pietradigerusalemme.com\/fr\/wp-json\/wp\/v2\/media?parent=52003"}],"wp:term":[{"taxonomy":"product_brand","embeddable":true,"href":"https:\/\/www.pietradigerusalemme.com\/fr\/wp-json\/wp\/v2\/product_brand?post=52003"},{"taxonomy":"product_cat","embeddable":true,"href":"https:\/\/www.pietradigerusalemme.com\/fr\/wp-json\/wp\/v2\/product_cat?post=52003"},{"taxonomy":"product_tag","embeddable":true,"href":"https:\/\/www.pietradigerusalemme.com\/fr\/wp-json\/wp\/v2\/product_tag?post=52003"}],"curies":[{"name":"wp","href":"https:\/\/api.w.org\/{rel}","templated":true}]}}