{"id":52644,"date":"2023-07-18T07:04:01","date_gmt":"2023-07-18T07:04:01","guid":{"rendered":"https:\/\/www.pietradigerusalemme.com\/prodotto\/planchers-deglise\/"},"modified":"2025-02-10T13:34:11","modified_gmt":"2025-02-10T13:34:11","slug":"eglises-detage","status":"publish","type":"product","link":"https:\/\/www.pietradigerusalemme.com\/fr\/produit\/eglises-detage\/","title":{"rendered":"Planchers des \u00e9glises"},"content":{"rendered":"<p>Sols originaux en pierre de J\u00e9rusalem qui, gr\u00e2ce \u00e0 notre traitement exclusif, s&#8217;adaptent au style de chaque \u00e9glise.<\/p>\n","protected":false},"excerpt":{"rendered":"<p>Sols originaux en pierre de J\u00e9rusalem qui, gr\u00e2ce \u00e0 notre traitement exclusif, s&#8217;adaptent au style de chaque \u00e9glise.<\/p>\n","protected":false},"featured_media":52629,"comment_status":"open","ping_status":"closed","template":"","meta":{"_et_pb_use_builder":"","_et_pb_old_content":"","_et_gb_content_width":"","iawp_total_views":23},"product_brand":[],"product_cat":[124],"product_tag":[421,436,437,424,438,431,429,428,408,423,422,417,409,419,418,407],"class_list":{"0":"post-52644","1":"product","2":"type-product","3":"status-publish","4":"has-post-thumbnail","6":"product_cat-eglises","7":"product_tag-artisanat","8":"product_tag-artisans","9":"product_tag-autels","10":"product_tag-batiments-historiques","11":"product_tag-benitier","12":"product_tag-chateaux","13":"product_tag-eglise","14":"product_tag-eglises","15":"product_tag-escaliers","16":"product_tag-fonts-baptismaux","17":"product_tag-jerusalem-fr","18":"product_tag-plan-de-travail","19":"product_tag-revetements","20":"product_tag-sols-deglise","21":"product_tag-sols-et-murs","22":"product_tag-statues-fr","24":"first","25":"instock","26":"shipping-taxable","27":"product-type-simple"},"jetpack_sharing_enabled":true,"_links":{"self":[{"href":"https:\/\/www.pietradigerusalemme.com\/fr\/wp-json\/wp\/v2\/product\/52644","targetHints":{"allow":["GET"]}}],"collection":[{"href":"https:\/\/www.pietradigerusalemme.com\/fr\/wp-json\/wp\/v2\/product"}],"about":[{"href":"https:\/\/www.pietradigerusalemme.com\/fr\/wp-json\/wp\/v2\/types\/product"}],"replies":[{"embeddable":true,"href":"https:\/\/www.pietradigerusalemme.com\/fr\/wp-json\/wp\/v2\/comments?post=52644"}],"wp:featuredmedia":[{"embeddable":true,"href":"https:\/\/www.pietradigerusalemme.com\/fr\/wp-json\/wp\/v2\/media\/52629"}],"wp:attachment":[{"href":"https:\/\/www.pietradigerusalemme.com\/fr\/wp-json\/wp\/v2\/media?parent=52644"}],"wp:term":[{"taxonomy":"product_brand","embeddable":true,"href":"https:\/\/www.pietradigerusalemme.com\/fr\/wp-json\/wp\/v2\/product_brand?post=52644"},{"taxonomy":"product_cat","embeddable":true,"href":"https:\/\/www.pietradigerusalemme.com\/fr\/wp-json\/wp\/v2\/product_cat?post=52644"},{"taxonomy":"product_tag","embeddable":true,"href":"https:\/\/www.pietradigerusalemme.com\/fr\/wp-json\/wp\/v2\/product_tag?post=52644"}],"curies":[{"name":"wp","href":"https:\/\/api.w.org\/{rel}","templated":true}]}}