{"id":53181,"date":"2023-11-02T17:44:01","date_gmt":"2023-11-02T17:44:01","guid":{"rendered":"https:\/\/www.pietradigerusalemme.com\/prodotto\/conception\/"},"modified":"2024-10-23T09:03:12","modified_gmt":"2024-10-23T09:03:12","slug":"conception","status":"publish","type":"product","link":"https:\/\/www.pietradigerusalemme.com\/fr\/produit\/conception\/","title":{"rendered":"Conception"},"content":{"rendered":"<p>Une table design en pierre d&#8217;une grande duret\u00e9 et r\u00e9sistance, une sculpture artistique pour l&#8217;ameublement d&#8217;environnements prestigieux.<\/p>\n","protected":false},"excerpt":{"rendered":"<p>Table design en pierre avec surface exclusive r\u00e9alis\u00e9e \u00e0 la main. Le plateau est ex\u00e9cut\u00e9 en quatre parties de 3 cm d&#8217;\u00e9paisseur et les bords sont inclin\u00e9s \u00e0 70 degr\u00e9s.<\/p>\n","protected":false},"featured_media":53108,"comment_status":"open","ping_status":"closed","template":"","meta":{"_et_pb_use_builder":"","_et_pb_old_content":"","_et_gb_content_width":"","iawp_total_views":8},"product_brand":[],"product_cat":[127],"product_tag":[527,529,528,532,531,530],"class_list":{"0":"post-53181","1":"product","2":"type-product","3":"status-publish","4":"has-post-thumbnail","6":"product_cat-complements","7":"product_tag-ameublement-interieur","8":"product_tag-tables-design","9":"product_tag-tables-en-pierre-de-jerusalem","10":"product_tag-tables-fines","11":"product_tag-tables-modernes","12":"product_tag-tables-sur-mesure","14":"first","15":"instock","16":"shipping-taxable","17":"product-type-simple"},"jetpack_sharing_enabled":true,"_links":{"self":[{"href":"https:\/\/www.pietradigerusalemme.com\/fr\/wp-json\/wp\/v2\/product\/53181","targetHints":{"allow":["GET"]}}],"collection":[{"href":"https:\/\/www.pietradigerusalemme.com\/fr\/wp-json\/wp\/v2\/product"}],"about":[{"href":"https:\/\/www.pietradigerusalemme.com\/fr\/wp-json\/wp\/v2\/types\/product"}],"replies":[{"embeddable":true,"href":"https:\/\/www.pietradigerusalemme.com\/fr\/wp-json\/wp\/v2\/comments?post=53181"}],"wp:featuredmedia":[{"embeddable":true,"href":"https:\/\/www.pietradigerusalemme.com\/fr\/wp-json\/wp\/v2\/media\/53108"}],"wp:attachment":[{"href":"https:\/\/www.pietradigerusalemme.com\/fr\/wp-json\/wp\/v2\/media?parent=53181"}],"wp:term":[{"taxonomy":"product_brand","embeddable":true,"href":"https:\/\/www.pietradigerusalemme.com\/fr\/wp-json\/wp\/v2\/product_brand?post=53181"},{"taxonomy":"product_cat","embeddable":true,"href":"https:\/\/www.pietradigerusalemme.com\/fr\/wp-json\/wp\/v2\/product_cat?post=53181"},{"taxonomy":"product_tag","embeddable":true,"href":"https:\/\/www.pietradigerusalemme.com\/fr\/wp-json\/wp\/v2\/product_tag?post=53181"}],"curies":[{"name":"wp","href":"https:\/\/api.w.org\/{rel}","templated":true}]}}