{"id":54051,"date":"2023-06-20T13:24:28","date_gmt":"2023-06-20T13:24:28","guid":{"rendered":"https:\/\/www.pietradigerusalemme.com\/prodotto\/piscines-sols\/"},"modified":"2025-08-09T01:23:06","modified_gmt":"2025-08-09T01:23:06","slug":"piscines-sols","status":"publish","type":"product","link":"https:\/\/www.pietradigerusalemme.com\/fr\/produit\/piscines-sols\/","title":{"rendered":"Piscines Sols"},"content":{"rendered":"<p class=\"p1\"><span class=\"s1\"><br \/>\nGr\u00e2ce \u00e0 ses qualit\u00e9s de r\u00e9sistance au gel, au sel, aux pluies acides et \u00e0 l&#8217;exposition au soleil, la pierre de J\u00e9rusalem ne s&#8217;\u00e9chauffe pas. Pour ces raisons, elle est appr\u00e9ci\u00e9e et utilis\u00e9e dans les piscines, comme rev\u00eatement de murs int\u00e9rieurs, pour la construction de bordures p\u00e9rim\u00e9triques et pour le pavage ext\u00e9rieur.<br \/>\n<\/span><\/p>\n<p class=\"p1\"><span class=\"s1\">Nous pouvons offrir la fourniture ou m\u00eame l&#8217;installation, la conception et l&#8217;ex\u00e9cution de tout type de piscine.<br \/>\n<em><strong>Piscines \u00e0 d\u00e9bordement, piscines \u00e0 nageoires, piscines int\u00e9rieures et ext\u00e9rieures.<\/strong><\/em><\/span><\/p>\n","protected":false},"excerpt":{"rendered":"<p class=\"p1\"><span class=\"s1\"><br \/>\nGr\u00e2ce \u00e0 ses qualit\u00e9s de r\u00e9sistance au gel, au sel, aux pluies acides et \u00e0 l&#8217;exposition au soleil, la pierre de J\u00e9rusalem ne s&#8217;\u00e9chauffe pas. Pour ces raisons, elle est appr\u00e9ci\u00e9e et utilis\u00e9e dans les piscines, comme rev\u00eatement de murs int\u00e9rieurs, pour la construction de bordures p\u00e9rim\u00e9triques et pour le pavage ext\u00e9rieur.<br \/>\n<\/span><\/p>\n<p class=\"p1\"><span class=\"s1\">Nous pouvons offrir la fourniture ou m\u00eame l&#8217;installation, la conception et l&#8217;ex\u00e9cution de tout type de piscine.<br \/>\n<em><strong>Piscines \u00e0 d\u00e9bordement, piscines \u00e0 nageoires, piscines int\u00e9rieures et ext\u00e9rieures.<\/strong><\/em><\/span><\/p>\n","protected":false},"featured_media":30427,"comment_status":"open","ping_status":"closed","template":"","meta":{"_et_pb_use_builder":"on","_et_pb_old_content":"<p class=\"p1\"><span class=\"s1\">\nGr\u00e2ce \u00e0 ses qualit\u00e9s de r\u00e9sistance au gel, au sel, aux pluies acides et \u00e0 l'exposition au soleil, la pierre de J\u00e9rusalem ne s'\u00e9chauffe pas. Pour ces raisons, elle est appr\u00e9ci\u00e9e et utilis\u00e9e dans les piscines, comme rev\u00eatement de murs int\u00e9rieurs, pour la construction de bordures p\u00e9rim\u00e9triques et pour le pavage ext\u00e9rieur.\n<\/span><\/p>\n<p class=\"p1\"><span class=\"s1\">Nous pouvons offrir la fourniture ou m\u00eame l'installation, la conception et l'ex\u00e9cution de tout type de piscine.\n<em><strong>Piscines \u00e0 d\u00e9bordement, piscines \u00e0 nageoires, piscines int\u00e9rieures et ext\u00e9rieures.<\/strong><\/em><\/span><\/p>","_et_gb_content_width":"","iawp_total_views":17},"product_brand":[],"product_cat":[118],"product_tag":[421,436,424,432,431,433,422,412,406,411,409,418,403,402],"class_list":{"0":"post-54051","1":"product","2":"type-product","3":"status-publish","4":"has-post-thumbnail","6":"product_cat-piscines","7":"product_tag-artisanat","8":"product_tag-artisans","9":"product_tag-batiments-historiques","10":"product_tag-chalets","11":"product_tag-chateaux","12":"product_tag-fermes","13":"product_tag-jerusalem-fr","14":"product_tag-piscine-fr-2","15":"product_tag-piscine-fr","16":"product_tag-piscines","17":"product_tag-revetements","18":"product_tag-sols-et-murs","19":"product_tag-villa-fr","20":"product_tag-villas-fr","22":"first","23":"instock","24":"shipping-taxable","25":"product-type-simple"},"jetpack_sharing_enabled":true,"_links":{"self":[{"href":"https:\/\/www.pietradigerusalemme.com\/fr\/wp-json\/wp\/v2\/product\/54051","targetHints":{"allow":["GET"]}}],"collection":[{"href":"https:\/\/www.pietradigerusalemme.com\/fr\/wp-json\/wp\/v2\/product"}],"about":[{"href":"https:\/\/www.pietradigerusalemme.com\/fr\/wp-json\/wp\/v2\/types\/product"}],"replies":[{"embeddable":true,"href":"https:\/\/www.pietradigerusalemme.com\/fr\/wp-json\/wp\/v2\/comments?post=54051"}],"wp:featuredmedia":[{"embeddable":true,"href":"https:\/\/www.pietradigerusalemme.com\/fr\/wp-json\/wp\/v2\/media\/30427"}],"wp:attachment":[{"href":"https:\/\/www.pietradigerusalemme.com\/fr\/wp-json\/wp\/v2\/media?parent=54051"}],"wp:term":[{"taxonomy":"product_brand","embeddable":true,"href":"https:\/\/www.pietradigerusalemme.com\/fr\/wp-json\/wp\/v2\/product_brand?post=54051"},{"taxonomy":"product_cat","embeddable":true,"href":"https:\/\/www.pietradigerusalemme.com\/fr\/wp-json\/wp\/v2\/product_cat?post=54051"},{"taxonomy":"product_tag","embeddable":true,"href":"https:\/\/www.pietradigerusalemme.com\/fr\/wp-json\/wp\/v2\/product_tag?post=54051"}],"curies":[{"name":"wp","href":"https:\/\/api.w.org\/{rel}","templated":true}]}}