{"id":54058,"date":"2025-04-09T09:41:35","date_gmt":"2025-04-09T09:41:35","guid":{"rendered":"https:\/\/www.pietradigerusalemme.com\/?post_type=product&#038;p=54058"},"modified":"2025-05-06T08:34:59","modified_gmt":"2025-05-06T08:34:59","slug":"synagogues-planchers-copy","status":"publish","type":"product","link":"https:\/\/www.pietradigerusalemme.com\/fr\/produit\/synagogues-planchers-copy\/","title":{"rendered":"Synagogues Planchers (copie)++"},"content":{"rendered":"<p class=\"p1\"><span class=\"s1\"><b>La pierre de J\u00e9rusalem<\/b><\/span> est une pierre calcaire naturelle, appr\u00e9ci\u00e9e pour sa r\u00e9sistance et sa polyvalence. Avec une densit\u00e9 moyenne d&#8217;environ <span class=\"s1\"><b>2,3 g\/cm\u00b3<\/b><\/span> et une<span class=\"s1\"><b>d&#8217;absorption d&#8217;eau inf\u00e9rieure \u00e0 5 %, il offre une excellente durabilit\u00e9, m\u00eame dans les environnements tr\u00e8s humides.<\/b><\/span><br \/>\nIl offre une excellente durabilit\u00e9, m\u00eame dans des environnements tr\u00e8s humides. <span class=\"s1\"><b>faible porosit\u00e9<\/b><\/span> le rend adapt\u00e9 aux rev\u00eatements int\u00e9rieurs et ext\u00e9rieurs, garantissant une r\u00e9sistance \u00e9lev\u00e9e aux chocs thermiques et \u00e0 l&#8217;usure dans le temps. Disponible en diff\u00e9rentes finitions &#8211; <span class=\"s1\"><b>adoucie, bouchard\u00e9e, bross\u00e9e et antiqu\u00e9e<\/b><\/span> &#8211; cette pierre est parfaitement adapt\u00e9e \u00e0 l&#8217;architecture des synagogues, alliant fonctionnalit\u00e9 et valeur esth\u00e9tique. En outre, la pierre de J\u00e9rusalem est un mat\u00e9riau naturel et durable, extrait selon des proc\u00e9d\u00e9s respectueux de l&#8217;environnement et trait\u00e9 de mani\u00e8re \u00e0 garantir un impact visuel harmonieux et authentique.   <\/p>\n","protected":false},"excerpt":{"rendered":"<p class=\"p1\"><span class=\"s1\"><b>La pierre de J\u00e9rusalem<\/b><\/span> est un mat\u00e9riau unique et intemporel, profond\u00e9ment enracin\u00e9 dans l&#8217;histoire et la culture juives. Utilis\u00e9e depuis des si\u00e8cles dans les \u00e9difices les plus sacr\u00e9s, cette pierre naturelle se distingue par sa texture raffin\u00e9e et ses tons chauds, capables de cr\u00e9er une atmosph\u00e8re de recueillement et de solennit\u00e9. Parfaite pour les rev\u00eatements int\u00e9rieurs et ext\u00e9rieurs, la pierre de J\u00e9rusalem conf\u00e8re aux synagogues un caract\u00e8re unique. <span class=\"s1\"><b>synagogues<\/b><\/span><br \/>\nGr\u00e2ce \u00e0 sa durabilit\u00e9 et \u00e0 sa beaut\u00e9 intemporelle, elle est le choix id\u00e9al pour ceux qui souhaitent un lieu de culte qui exprime la profondeur historique et le caract\u00e8re sacr\u00e9.  <\/p>\n","protected":false},"featured_media":53493,"comment_status":"open","ping_status":"closed","template":"","meta":{"_et_pb_use_builder":"","_et_pb_old_content":"","_et_gb_content_width":"","iawp_total_views":11},"product_brand":[],"product_cat":[124],"product_tag":[],"class_list":{"0":"post-54058","1":"product","2":"type-product","3":"status-publish","4":"has-post-thumbnail","6":"product_cat-eglises","8":"first","9":"instock","10":"shipping-taxable","11":"product-type-simple"},"jetpack_sharing_enabled":true,"_links":{"self":[{"href":"https:\/\/www.pietradigerusalemme.com\/fr\/wp-json\/wp\/v2\/product\/54058","targetHints":{"allow":["GET"]}}],"collection":[{"href":"https:\/\/www.pietradigerusalemme.com\/fr\/wp-json\/wp\/v2\/product"}],"about":[{"href":"https:\/\/www.pietradigerusalemme.com\/fr\/wp-json\/wp\/v2\/types\/product"}],"replies":[{"embeddable":true,"href":"https:\/\/www.pietradigerusalemme.com\/fr\/wp-json\/wp\/v2\/comments?post=54058"}],"wp:featuredmedia":[{"embeddable":true,"href":"https:\/\/www.pietradigerusalemme.com\/fr\/wp-json\/wp\/v2\/media\/53493"}],"wp:attachment":[{"href":"https:\/\/www.pietradigerusalemme.com\/fr\/wp-json\/wp\/v2\/media?parent=54058"}],"wp:term":[{"taxonomy":"product_brand","embeddable":true,"href":"https:\/\/www.pietradigerusalemme.com\/fr\/wp-json\/wp\/v2\/product_brand?post=54058"},{"taxonomy":"product_cat","embeddable":true,"href":"https:\/\/www.pietradigerusalemme.com\/fr\/wp-json\/wp\/v2\/product_cat?post=54058"},{"taxonomy":"product_tag","embeddable":true,"href":"https:\/\/www.pietradigerusalemme.com\/fr\/wp-json\/wp\/v2\/product_tag?post=54058"}],"curies":[{"name":"wp","href":"https:\/\/api.w.org\/{rel}","templated":true}]}}