{"id":51658,"date":"2023-06-19T10:10:43","date_gmt":"2023-06-19T10:10:43","guid":{"rendered":"https:\/\/www.pietradigerusalemme.com\/prodotto\/katedra\/"},"modified":"2023-10-13T13:31:59","modified_gmt":"2023-10-13T13:31:59","slug":"katedra","status":"publish","type":"product","link":"https:\/\/www.pietradigerusalemme.com\/pl\/produkt\/katedra\/","title":{"rendered":"Katedra"},"content":{"rendered":"<p class=\"p1\"><span class=\"s1\">Cathedral Jerusalem Stone, zachowuj\u0105c ten sam rodzaj kamienia jerozolimskiego, mo\u017ce mie\u0107 r\u00f3\u017cne warianty wyko\u0144czenia; dlatego styl b\u0119dzie odpowiedni w zale\u017cno\u015bci od \u015brodowiska, w kt\u00f3rym chcesz go umie\u015bci\u0107.<br \/>\n<\/span><\/p>\n<p class=\"p1\"><span class=\"s1\">Antyczne i eleganckie wyko\u0144czenie pod\u0142\u00f3g w willach, domach wiejskich, domach z epoki lub wyko\u0144czenia pod\u0142\u00f3g, \u0142azienek i \u015bcian o bardziej rustykalnym wykonaniu dla zamk\u00f3w i bardzo starych zabytkowych dom\u00f3w. Formaty i procesy wyko\u0144czeniowe zostan\u0105 wykonane i dostosowane w harmonii z otoczeniem, w kt\u00f3rym zostan\u0105 umieszczone.  <\/span><\/p>\n<p class=\"p1\"><span class=\"s1\">Kamie\u0144 Jerozolimski jest wynikiem naturalnego procesu, a zatem podlega zmienno\u015bci przypadku, co oznacza, \u017ce nigdy nie powstanie jego dok\u0142adna kopia.<\/span><\/p>\n<p>Ta szczeg\u00f3lna cecha materia\u0142u Jerusalem Stone jest wysoko cenionym przywilejem i cech\u0105, poniewa\u017c czyni go wyj\u0105tkowym w ca\u0142ej panoramie kamienia naturalnego.<\/p>\n<div class=\"et_pb_module et_pb_wc_description et_pb_wc_description_1_tb_body et_pb_bg_layout_light et_pb_text_align_left\">\n<div class=\"et_pb_module_inner\">\n<p>W zwi\u0105zku z powy\u017cszym i aby uzyska\u0107 wyobra\u017cenie o ko\u0144cowym efekcie pod\u0142ogi, zaleca si\u0119 obejrzenie kompozycji z\u0142o\u017conej z zestawu r\u00f3\u017cnych kawa\u0142k\u00f3w kamienia, aby zrozumie\u0107 t\u0119 osobliw\u0105 cech\u0119, dzi\u0119ki czemu mo\u017cna uzyska\u0107 lepsze wyobra\u017cenie o tym, jaki b\u0119dzie ostateczny efekt kolorystyczny pod\u0142ogi.<\/p>\n<\/div>\n<\/div>\n","protected":false},"excerpt":{"rendered":"<p class=\"p1\"><span class=\"s1\">Rustykalny, postarzany i fascynuj\u0105co elegancki bruk z kamienia naturalnego z Jerozolimy, idealny do renowacji starych willi, dom\u00f3w wiejskich, zamk\u00f3w i historycznych budynk\u00f3w o du\u017cej warto\u015bci.<\/span><\/p>\n<p>Potrzebujesz informacji? Napisz do nas, a z przyjemno\u015bci\u0105 odpowiemy na ka\u017cd\u0105 Twoj\u0105 potrzeb\u0119<\/p>\n","protected":false},"featured_media":52262,"comment_status":"open","ping_status":"closed","template":"","meta":{"_et_pb_use_builder":"","_et_pb_old_content":"","_et_gb_content_width":"","iawp_total_views":25},"product_brand":[],"product_cat":[153],"product_tag":[254,334,342,344,351,352,353,336,346,348,357,356,330,345,363,362,364,333,335],"class_list":{"0":"post-51658","1":"product","2":"type-product","3":"status-publish","4":"has-post-thumbnail","6":"product_cat-podlogi-i-okladziny","7":"product_tag-biblical-pl","8":"product_tag-domki","9":"product_tag-historyczne-budynki","10":"product_tag-jerozolima","11":"product_tag-kamien","12":"product_tag-kamien-jerozolimski","13":"product_tag-kamien-naturalny","14":"product_tag-katedra","15":"product_tag-podlogi","16":"product_tag-podlogi-i-sciany","17":"product_tag-powloki","18":"product_tag-renowacja","19":"product_tag-rzemieslnicy","20":"product_tag-rzemioslo","21":"product_tag-starozytna-willa","22":"product_tag-willa","23":"product_tag-wille","24":"product_tag-zagroda","25":"product_tag-zamki","27":"first","28":"instock","29":"shipping-taxable","30":"product-type-simple"},"jetpack_sharing_enabled":true,"_links":{"self":[{"href":"https:\/\/www.pietradigerusalemme.com\/pl\/wp-json\/wp\/v2\/product\/51658","targetHints":{"allow":["GET"]}}],"collection":[{"href":"https:\/\/www.pietradigerusalemme.com\/pl\/wp-json\/wp\/v2\/product"}],"about":[{"href":"https:\/\/www.pietradigerusalemme.com\/pl\/wp-json\/wp\/v2\/types\/product"}],"replies":[{"embeddable":true,"href":"https:\/\/www.pietradigerusalemme.com\/pl\/wp-json\/wp\/v2\/comments?post=51658"}],"wp:featuredmedia":[{"embeddable":true,"href":"https:\/\/www.pietradigerusalemme.com\/pl\/wp-json\/wp\/v2\/media\/52262"}],"wp:attachment":[{"href":"https:\/\/www.pietradigerusalemme.com\/pl\/wp-json\/wp\/v2\/media?parent=51658"}],"wp:term":[{"taxonomy":"product_brand","embeddable":true,"href":"https:\/\/www.pietradigerusalemme.com\/pl\/wp-json\/wp\/v2\/product_brand?post=51658"},{"taxonomy":"product_cat","embeddable":true,"href":"https:\/\/www.pietradigerusalemme.com\/pl\/wp-json\/wp\/v2\/product_cat?post=51658"},{"taxonomy":"product_tag","embeddable":true,"href":"https:\/\/www.pietradigerusalemme.com\/pl\/wp-json\/wp\/v2\/product_tag?post=51658"}],"curies":[{"name":"wp","href":"https:\/\/api.w.org\/{rel}","templated":true}]}}