{"id":51948,"date":"2023-06-19T12:45:29","date_gmt":"2023-06-19T12:45:29","guid":{"rendered":"https:\/\/www.pietradigerusalemme.com\/prodotto\/mezada\/"},"modified":"2023-10-02T09:33:32","modified_gmt":"2023-10-02T09:33:32","slug":"mezada","status":"publish","type":"product","link":"https:\/\/www.pietradigerusalemme.com\/pl\/produkt\/mezada\/","title":{"rendered":"Masada"},"content":{"rendered":"<p class=\"p1\"><span class=\"s1\">Kamienna pod\u0142oga Masada Jerusalem, r\u0119czna obr\u00f3bka powierzchni.<br \/>\nMo\u017cliwo\u015b\u0107 r\u00f3\u017cnych format\u00f3w przetwarzania i schemat\u00f3w uk\u0142adania. Grubo\u015b\u0107 wyk\u0142adziny pod\u0142ogowej i \u015bciennej mo\u017ce wynosi\u0107 1,2 cm lub 2 cm w zale\u017cno\u015bci od wielko\u015bci format\u00f3w, rodzaju wykonania i wymaga\u0144 miejsca.  <\/span><\/p>\n<p class=\"p1\"><span class=\"s1\">Te pod\u0142ogi z kamienia naturalnego wykorzystuj\u0105 nasz wyj\u0105tkowy kunszt, aby zachwyci\u0107 i sprawi\u0107, \u017ce Twoje pokoje b\u0119d\u0105 jak ze sn\u00f3w.<\/span><\/p>\n<p class=\"p1\"><span class=\"s1\">Kamie\u0144 Jerozolimski jest wynikiem naturalnego procesu, a zatem podlega zmienno\u015bci przypadku, co oznacza, \u017ce nigdy nie powstanie jego dok\u0142adna kopia.<\/span><\/p>\n<p>Ta szczeg\u00f3lna cecha materia\u0142u Jerusalem Stone jest wysoko cenionym przywilejem i cech\u0105, poniewa\u017c czyni go wyj\u0105tkowym w ca\u0142ej panoramie kamienia naturalnego.<\/p>\n<div class=\"et_pb_module et_pb_wc_description et_pb_wc_description_1_tb_body et_pb_bg_layout_light et_pb_text_align_left\">\n<div class=\"et_pb_module_inner\">\n<p>W zwi\u0105zku z powy\u017cszym i aby uzyska\u0107 wyobra\u017cenie o ko\u0144cowym efekcie pod\u0142ogi, zaleca si\u0119 obejrzenie kompozycji z\u0142o\u017conej z zestawu r\u00f3\u017cnych kawa\u0142k\u00f3w kamienia, aby zrozumie\u0107 t\u0119 osobliw\u0105 cech\u0119, dzi\u0119ki czemu mo\u017cna uzyska\u0107 lepsze wyobra\u017cenie o tym, jaki b\u0119dzie ostateczny efekt kolorystyczny pod\u0142ogi.<\/p>\n<\/div>\n<\/div>\n","protected":false},"excerpt":{"rendered":"<p class=\"p1\">\n            <span class=\"s1\">Naturalny kamie\u0144 jerozolimski MASADA, pod\u0142ogi do zabytkowych dom\u00f3w, pod\u0142ogi do starych willi, rustykalne pod\u0142ogi kamienne. Wysokiej jako\u015bci wyk\u0142adziny pod\u0142ogowe i \u015bcienne.<\/span>\n          <\/p>\n","protected":false},"featured_media":31352,"comment_status":"open","ping_status":"closed","template":"","meta":{"_et_pb_use_builder":"","_et_pb_old_content":"","_et_gb_content_width":"","iawp_total_views":21},"product_brand":[],"product_cat":[153],"product_tag":[254,334,342,344,351,352,353,336,273,346,348,357,356,330,345,363,362,364,333,335],"class_list":{"0":"post-51948","1":"product","2":"type-product","3":"status-publish","4":"has-post-thumbnail","6":"product_cat-podlogi-i-okladziny","7":"product_tag-biblical-pl","8":"product_tag-domki","9":"product_tag-historyczne-budynki","10":"product_tag-jerozolima","11":"product_tag-kamien","12":"product_tag-kamien-jerozolimski","13":"product_tag-kamien-naturalny","14":"product_tag-katedra","15":"product_tag-mezada-pl","16":"product_tag-podlogi","17":"product_tag-podlogi-i-sciany","18":"product_tag-powloki","19":"product_tag-renowacja","20":"product_tag-rzemieslnicy","21":"product_tag-rzemioslo","22":"product_tag-starozytna-willa","23":"product_tag-willa","24":"product_tag-wille","25":"product_tag-zagroda","26":"product_tag-zamki","28":"first","29":"instock","30":"shipping-taxable","31":"product-type-simple"},"jetpack_sharing_enabled":true,"_links":{"self":[{"href":"https:\/\/www.pietradigerusalemme.com\/pl\/wp-json\/wp\/v2\/product\/51948","targetHints":{"allow":["GET"]}}],"collection":[{"href":"https:\/\/www.pietradigerusalemme.com\/pl\/wp-json\/wp\/v2\/product"}],"about":[{"href":"https:\/\/www.pietradigerusalemme.com\/pl\/wp-json\/wp\/v2\/types\/product"}],"replies":[{"embeddable":true,"href":"https:\/\/www.pietradigerusalemme.com\/pl\/wp-json\/wp\/v2\/comments?post=51948"}],"wp:featuredmedia":[{"embeddable":true,"href":"https:\/\/www.pietradigerusalemme.com\/pl\/wp-json\/wp\/v2\/media\/31352"}],"wp:attachment":[{"href":"https:\/\/www.pietradigerusalemme.com\/pl\/wp-json\/wp\/v2\/media?parent=51948"}],"wp:term":[{"taxonomy":"product_brand","embeddable":true,"href":"https:\/\/www.pietradigerusalemme.com\/pl\/wp-json\/wp\/v2\/product_brand?post=51948"},{"taxonomy":"product_cat","embeddable":true,"href":"https:\/\/www.pietradigerusalemme.com\/pl\/wp-json\/wp\/v2\/product_cat?post=51948"},{"taxonomy":"product_tag","embeddable":true,"href":"https:\/\/www.pietradigerusalemme.com\/pl\/wp-json\/wp\/v2\/product_tag?post=51948"}],"curies":[{"name":"wp","href":"https:\/\/api.w.org\/{rel}","templated":true}]}}