{"id":53183,"date":"2023-11-02T17:44:01","date_gmt":"2023-11-02T17:44:01","guid":{"rendered":"https:\/\/www.pietradigerusalemme.com\/prodotto\/projekt\/"},"modified":"2024-10-23T09:03:12","modified_gmt":"2024-10-23T09:03:12","slug":"projekt","status":"publish","type":"product","link":"https:\/\/www.pietradigerusalemme.com\/pl\/produkt\/projekt\/","title":{"rendered":"Projekt"},"content":{"rendered":"<p>Designerski st\u00f3\u0142 wykonany z kamienia o du\u017cej twardo\u015bci i wytrzyma\u0142o\u015bci, artystyczna rze\u017aba do wyposa\u017cenia presti\u017cowych wn\u0119trz.<\/p>\n","protected":false},"excerpt":{"rendered":"<p>Designerski kamienny st\u00f3\u0142 z ekskluzywn\u0105, r\u0119cznie wykonan\u0105 powierzchni\u0105. Blat wykonany w czterech cz\u0119\u015bciach o grubo\u015bci 3 cm i kraw\u0119dziach nachylonych pod k\u0105tem 70 stopni.<\/p>\n","protected":false},"featured_media":53110,"comment_status":"open","ping_status":"closed","template":"","meta":{"_et_pb_use_builder":"","_et_pb_old_content":"","_et_gb_content_width":"","iawp_total_views":10},"product_brand":[],"product_cat":[147],"product_tag":[535,540,534,538,537,533],"class_list":{"0":"post-53183","1":"product","2":"type-product","3":"status-publish","4":"has-post-thumbnail","6":"product_cat-komplementy","7":"product_tag-designerskie-stoly","8":"product_tag-eleganckie-stoly","9":"product_tag-kamienne-tablice-jerozolimskie","10":"product_tag-nowoczesne-stoly","11":"product_tag-stoly-na-zamowienie","12":"product_tag-wyposazenie-wnetrz","14":"first","15":"instock","16":"shipping-taxable","17":"product-type-simple"},"jetpack_sharing_enabled":true,"_links":{"self":[{"href":"https:\/\/www.pietradigerusalemme.com\/pl\/wp-json\/wp\/v2\/product\/53183","targetHints":{"allow":["GET"]}}],"collection":[{"href":"https:\/\/www.pietradigerusalemme.com\/pl\/wp-json\/wp\/v2\/product"}],"about":[{"href":"https:\/\/www.pietradigerusalemme.com\/pl\/wp-json\/wp\/v2\/types\/product"}],"replies":[{"embeddable":true,"href":"https:\/\/www.pietradigerusalemme.com\/pl\/wp-json\/wp\/v2\/comments?post=53183"}],"wp:featuredmedia":[{"embeddable":true,"href":"https:\/\/www.pietradigerusalemme.com\/pl\/wp-json\/wp\/v2\/media\/53110"}],"wp:attachment":[{"href":"https:\/\/www.pietradigerusalemme.com\/pl\/wp-json\/wp\/v2\/media?parent=53183"}],"wp:term":[{"taxonomy":"product_brand","embeddable":true,"href":"https:\/\/www.pietradigerusalemme.com\/pl\/wp-json\/wp\/v2\/product_brand?post=53183"},{"taxonomy":"product_cat","embeddable":true,"href":"https:\/\/www.pietradigerusalemme.com\/pl\/wp-json\/wp\/v2\/product_cat?post=53183"},{"taxonomy":"product_tag","embeddable":true,"href":"https:\/\/www.pietradigerusalemme.com\/pl\/wp-json\/wp\/v2\/product_tag?post=53183"}],"curies":[{"name":"wp","href":"https:\/\/api.w.org\/{rel}","templated":true}]}}