{"id":53572,"date":"2024-04-19T08:11:40","date_gmt":"2024-04-19T08:11:40","guid":{"rendered":"https:\/\/www.pietradigerusalemme.com\/prodotto\/synagogi\/"},"modified":"2025-04-09T09:31:11","modified_gmt":"2025-04-09T09:31:11","slug":"synagogi","status":"publish","type":"product","link":"https:\/\/www.pietradigerusalemme.com\/pl\/produkt\/synagogi\/","title":{"rendered":"Pod\u0142ogi w synagogach"},"content":{"rendered":"<p class=\"p1\">La <span class=\"s1\"><b>Jerusalem Stone<\/b><\/span> to naturalny wapie\u0144, ceniony za swoj\u0105 wytrzyma\u0142o\u015b\u0107 i wszechstronno\u015b\u0107. Przy \u015bredniej g\u0119sto\u015bci wynosz\u0105cej ok. <span class=\"s1\"><b>2,3 g\/cm\u00b3<\/b><\/span> i<span class=\"s1\"><b>ch\u0142onno\u015bci wody poni\u017cej 5%.<\/b><\/span>zapewnia doskona\u0142\u0105 trwa\u0142o\u015b\u0107 nawet w \u015brodowiskach o wysokiej wilgotno\u015bci.<br \/>\nJego <span class=\"s1\"><b>niska porowato\u015b\u0107<\/b><\/span> sprawia, \u017ce nadaje si\u0119 do ok\u0142adzin wewn\u0119trznych i zewn\u0119trznych, zapewniaj\u0105c wysok\u0105 odporno\u015b\u0107 na zmiany temperatury i zu\u017cycie w czasie. Dost\u0119pne w r\u00f3\u017cnych wyko\u0144czeniach &#8211; <span class=\"s1\"><b>szlifowany, m\u0142otkowany, szczotkowany i postarzany<\/b><\/span> &#8211; Kamie\u0144 ten doskonale nadaje si\u0119 do architektury synagogalnej, \u0142\u0105cz\u0105c w sobie funkcjonalno\u015b\u0107 i walory estetyczne. Co wi\u0119cej, Jerusalem Stone jest naturalnym i zr\u00f3wnowa\u017conym materia\u0142em, wydobywanym przy u\u017cyciu przyjaznych dla \u015brodowiska proces\u00f3w i przetwarzanym w celu zapewnienia harmonijnego i autentycznego efektu wizualnego.   <\/p>\n","protected":false},"excerpt":{"rendered":"<p class=\"p1\">La <span class=\"s1\"><b>Kamie\u0144 jerozolimski<\/b><\/span> to wyj\u0105tkowy i ponadczasowy materia\u0142, g\u0142\u0119boko zakorzeniony w \u017cydowskiej historii i kulturze. U\u017cywany od wiek\u00f3w w naj\u015bwi\u0119tszych budynkach, ten naturalny kamie\u0144 wyr\u00f3\u017cnia si\u0119 wyrafinowan\u0105 faktur\u0105 i ciep\u0142ymi tonami, zdolnymi do stworzenia atmosfery skupienia i powagi. Idealny do ok\u0142adzin wewn\u0119trznych i zewn\u0119trznych, Jerusalem Stone nadaje <span class=\"s1\"><b>synagogom<\/b><\/span> majestatyczny i autentyczny wygl\u0105d, szanuj\u0105c tradycje architektoniczne i wzmacniaj\u0105c duchow\u0105 symbolik\u0119 pomieszcze\u0144.<br \/>\nDzi\u0119ki swojej odporno\u015bci i ponadczasowemu pi\u0119knu jest idealnym wyborem dla tych, kt\u00f3rzy chc\u0105 miejsca kultu, kt\u00f3re wyra\u017ca historyczn\u0105 g\u0142\u0119bi\u0119 i \u015bwi\u0119to\u015b\u0107.  <\/p>\n","protected":false},"featured_media":53495,"comment_status":"open","ping_status":"closed","template":"","meta":{"_et_pb_use_builder":"on","_et_pb_old_content":"","_et_gb_content_width":"","iawp_total_views":12},"product_brand":[],"product_cat":[144],"product_tag":[],"class_list":{"0":"post-53572","1":"product","2":"type-product","3":"status-publish","4":"has-post-thumbnail","6":"product_cat-koscioly","8":"first","9":"instock","10":"shipping-taxable","11":"product-type-simple"},"jetpack_sharing_enabled":true,"_links":{"self":[{"href":"https:\/\/www.pietradigerusalemme.com\/pl\/wp-json\/wp\/v2\/product\/53572","targetHints":{"allow":["GET"]}}],"collection":[{"href":"https:\/\/www.pietradigerusalemme.com\/pl\/wp-json\/wp\/v2\/product"}],"about":[{"href":"https:\/\/www.pietradigerusalemme.com\/pl\/wp-json\/wp\/v2\/types\/product"}],"replies":[{"embeddable":true,"href":"https:\/\/www.pietradigerusalemme.com\/pl\/wp-json\/wp\/v2\/comments?post=53572"}],"wp:featuredmedia":[{"embeddable":true,"href":"https:\/\/www.pietradigerusalemme.com\/pl\/wp-json\/wp\/v2\/media\/53495"}],"wp:attachment":[{"href":"https:\/\/www.pietradigerusalemme.com\/pl\/wp-json\/wp\/v2\/media?parent=53572"}],"wp:term":[{"taxonomy":"product_brand","embeddable":true,"href":"https:\/\/www.pietradigerusalemme.com\/pl\/wp-json\/wp\/v2\/product_brand?post=53572"},{"taxonomy":"product_cat","embeddable":true,"href":"https:\/\/www.pietradigerusalemme.com\/pl\/wp-json\/wp\/v2\/product_cat?post=53572"},{"taxonomy":"product_tag","embeddable":true,"href":"https:\/\/www.pietradigerusalemme.com\/pl\/wp-json\/wp\/v2\/product_tag?post=53572"}],"curies":[{"name":"wp","href":"https:\/\/api.w.org\/{rel}","templated":true}]}}