{"id":32367,"date":"2023-06-22T15:12:27","date_gmt":"2023-06-22T15:12:27","guid":{"rendered":"https:\/\/www.pietradigerusalemme.com\/o-nas\/"},"modified":"2023-07-11T13:50:03","modified_gmt":"2023-07-11T13:50:03","slug":"o-nas","status":"publish","type":"page","link":"https:\/\/www.pietradigerusalemme.com\/sl\/o-nas\/","title":{"rendered":"O nas"},"content":{"rendered":"<p>[et_pb_section fb_built=&#8221;1&#8243; admin_label=&#8221;Header &#038; About&#8221; _builder_version=&#8221;4.20.0&#8243; _module_preset=&#8221;default&#8221; collapsed=&#8221;on&#8221; global_colors_info=&#8221;{}&#8221;][et_pb_row admin_label=&#8221;Linija&#8221; _builder_version=&#8221;4.20.0&#8243; _module_preset=&#8221;default&#8221; global_colors_info=&#8221;{}&#8221;][et_pb_column type=&#8221;4_4&#8243; _builder_version=&#8221;4.20.0&#8243; _module_preset=&#8221;default&#8221; global_colors_info=&#8221;{}&#8221;][et_pb_text _builder_version=&#8221;4.21.0&#8243; _module_preset=&#8221;72328db2-0964-4772-9b00-7f8ea4e19c35&#8243; text_orientation=&#8221;center&#8221; custom_margin_tablet=&#8221;&#8221; custom_margin_phone=&#8221;-33px||-45px||false|false&#8221; custom_margin_last_edited=&#8221;on|phone&#8221; header_font_size_phone=&#8221;30px&#8221; global_colors_info=&#8221;{}&#8221;]<\/p>\n<h1>O nas<\/h1>\n<p>[\/et_pb_text][\/et_pb_column][\/et_pb_row][et_pb_row column_structure=&#8221;1_2,1_2&#8243; _builder_version=&#8221;4.21.0&#8243; _module_preset=&#8221;default&#8221; global_colors_info=&#8221;{}&#8221;][et_pb_column type=&#8221;1_2&#8243; _builder_version=&#8221;4.21.0&#8243; _module_preset=&#8221;default&#8221; global_colors_info=&#8221;{}&#8221;][et_pb_image src=&#8221;https:\/\/www.pietradigerusalemme.com\/wp-content\/uploads\/2023\/06\/Pietra-di-Gerusalemme-lavorazione-anticata-1-scaled.jpg&#8221; title_text=&#8221;Jeruzalemski kamen starinska izdelava&#8221; _builder_version=&#8221;4.21.0&#8243; _module_preset=&#8221;default&#8221; global_colors_info=&#8221;{}&#8221;][\/et_pb_image][et_pb_button button_url=&#8221;@ET-DC@eyJkeW5hbWljIjp0cnVlLCJjb250ZW50IjoicG9zdF9saW5rX3VybF9wYWdlIiwic2V0dGluZ3MiOnsicG9zdF9pZCI6IjMyNDEwIn19@&#8221; button_text=&#8221;OGLEJTE SI KATALOG&#8221; _builder_version=&#8221;4.21.0&#8243; _dynamic_attributes=&#8221;button_url&#8221; _module_preset=&#8221;ba5b7cfc-ca85-4b30-98a6-c2fc1eaea30a&#8221; button_bg_color=&#8221;#d9b882&#8243; button_font=&#8221;|600||on|||||&#8221; hover_enabled=&#8221;0&#8243; locked=&#8221;off&#8221; global_colors_info=&#8221;{}&#8221; sticky_enabled=&#8221;0&#8243;][\/et_pb_button][\/et_pb_column][et_pb_column type=&#8221;1_2&#8243; _builder_version=&#8221;4.20.0&#8243; _module_preset=&#8221;default&#8221; global_colors_info=&#8221;{}&#8221;][et_pb_image src=&#8221;https:\/\/www.pietradigerusalemme.com\/wp-content\/uploads\/2023\/06\/Pietra-di-Gerusalemme-anticata-per-arredi-sacri.jpg&#8221; title_text=&#8221;Starinski jeruzalemski kamen za sveto opremo&#8221; _builder_version=&#8221;4.21.0&#8243; _module_preset=&#8221;default&#8221; global_colors_info=&#8221;{}&#8221;][\/et_pb_image][et_pb_text _builder_version=&#8221;4.21.0&#8243; _module_preset=&#8221;24c2b29f-b533-49b7-99ed-ddecc6cbfbf8&#8243; custom_margin=&#8221;||10px||false|false&#8221; header_2_font_size_phone=&#8221;30px&#8221; global_colors_info=&#8221;{}&#8221;]<\/p>\n<h2>Tradicija, ki prihaja od dale\u010d<\/h2>\n<p>[\/et_pb_text][et_pb_text _builder_version=&#8221;4.21.0&#8243; _module_preset=&#8221;bd2d670c-9eaa-4a9b-94af-37cfc3b9a4ab&#8221; header_4_font=&#8221;|700||on|||||&#8221; header_4_font_size=&#8221;16px&#8221; custom_margin=&#8221;||10px||false|false&#8221; header_4_font_tablet=&#8221;|700||on|||||&#8221; header_4_font_phone=&#8221;|600||on|||||&#8221; header_4_font_last_edited=&#8221;on|phone&#8221; global_colors_info=&#8221;{}&#8221;]<\/p>\n<h4>Zgodba o JERUZALEMSKEM KAMENU<\/h4>\n<p>[\/et_pb_text][et_pb_text _builder_version=&#8221;4.21.0&#8243; _module_preset=&#8221;6d971998-2a2d-43d7-b1b3-6959491ae13f&#8221; text_font_size_phone=&#8221;16px&#8221; global_colors_info=&#8221;{}&#8221;]<\/p>\n<p>Sem Guido Medici, po rodu Italijan, po izbiri pa dr\u017eavljan sveta. Navdu\u0161en nad potovanji, morjem in kulturami, ki se skrivajo na vsakem koraku, govorim \u0161tiri jezike in ponosno nosim italijansko zastavo po vsem svetu.<br \/>Vsa moja potovanja so me pred 30 leti vodila v Izrael, kjer mojstri na kraju samem pridobivajo in obdelujejo edini pravi jeruzalemski kamen.<br \/>Po obdelavi plo\u0161\u010de uvozim v Italijo in jih namestim pri svojih strankah, za katere po potrebi tudi izdelamo projekte od za\u010detka.<\/p>\n<p>Zaradi izdelave jeruzalemskega kamna je ta material edinstven in lahko velja za pravo umetni\u0161ko delo iz kamna.<\/p>\n<p>Izdelujemo kamnite obloge za vse vrste objektov: od vil, kmetij, hotelov, bazenov do cerkva.<\/p>\n<p>Oblikujemo tudi dodatke, kot so <em>stopnice, bazeni, tu\u0161 kadi, umivalniki, kuhinjske plo\u0161\u010de, kamini, pragovi in okenske police ter talne in stenske obloge<\/em>.<\/p>\n<p>[\/et_pb_text][\/et_pb_column][\/et_pb_row][\/et_pb_section]<\/p>\n","protected":false},"excerpt":{"rendered":"<p>O nasTradicija, ki prihaja od dale\u010dZgodba o JERUZALEMSKEM KAMENUSem Guido Medici, po rodu Italijan, po izbiri pa dr\u017eavljan sveta. Navdu\u0161en nad potovanji, morjem in kulturami, ki se skrivajo na vsakem koraku, govorim \u0161tiri jezike in ponosno nosim italijansko zastavo po vsem svetu.Vsa moja potovanja so me pred 30 leti vodila v Izrael, kjer mojstri na [&hellip;]<\/p>\n","protected":false},"author":1,"featured_media":0,"parent":0,"menu_order":0,"comment_status":"closed","ping_status":"closed","template":"","meta":{"_et_pb_use_builder":"on","_et_pb_old_content":"","_et_gb_content_width":"","iawp_total_views":17,"footnotes":""},"class_list":["post-32367","page","type-page","status-publish","hentry"],"jetpack_sharing_enabled":true,"_links":{"self":[{"href":"https:\/\/www.pietradigerusalemme.com\/sl\/wp-json\/wp\/v2\/pages\/32367","targetHints":{"allow":["GET"]}}],"collection":[{"href":"https:\/\/www.pietradigerusalemme.com\/sl\/wp-json\/wp\/v2\/pages"}],"about":[{"href":"https:\/\/www.pietradigerusalemme.com\/sl\/wp-json\/wp\/v2\/types\/page"}],"author":[{"embeddable":true,"href":"https:\/\/www.pietradigerusalemme.com\/sl\/wp-json\/wp\/v2\/users\/1"}],"replies":[{"embeddable":true,"href":"https:\/\/www.pietradigerusalemme.com\/sl\/wp-json\/wp\/v2\/comments?post=32367"}],"version-history":[{"count":16,"href":"https:\/\/www.pietradigerusalemme.com\/sl\/wp-json\/wp\/v2\/pages\/32367\/revisions"}],"predecessor-version":[{"id":52212,"href":"https:\/\/www.pietradigerusalemme.com\/sl\/wp-json\/wp\/v2\/pages\/32367\/revisions\/52212"}],"wp:attachment":[{"href":"https:\/\/www.pietradigerusalemme.com\/sl\/wp-json\/wp\/v2\/media?parent=32367"}],"curies":[{"name":"wp","href":"https:\/\/api.w.org\/{rel}","templated":true}]}}