{"id":51641,"date":"2023-06-07T15:07:51","date_gmt":"2023-06-07T15:07:51","guid":{"rendered":"https:\/\/www.pietradigerusalemme.com\/prodotto\/svetopisemski\/"},"modified":"2024-01-29T13:23:15","modified_gmt":"2024-01-29T13:23:15","slug":"svetopisemski","status":"publish","type":"product","link":"https:\/\/www.pietradigerusalemme.com\/sl\/izdelek\/svetopisemski\/","title":{"rendered":"Svetopisemski"},"content":{"rendered":"<p class=\"p1\"><span class=\"s1\">Tla iz jeruzalemske biblije so sestavljena iz me\u0161anice razli\u010dnih barv naravnega jeruzalemskega kamna.<\/span><\/p>\n<p>Da bi bolje prilagodili zna\u010dilnosti va\u0161ega objekta, lahko razli\u010dne barve kamna poljubno me\u0161ate.<br \/>\nBarve naravnega kamna, iz katerega je sestavljen, so Gerusalemme Gold, Gerusalemme Grey, Gerusalemme Grey Gold in Gerusalemme Pink, ki jih lahko vedno poljubno dodajate.<\/p>\n<p>Debeline so lahko od 1,2 cm do 2 cm, na voljo pa so tudi razli\u010dne vrste obdelav in formatov.<\/p>\n<p>Jeruzalemski kamen je rezultat naravnega procesa in je zato podvr\u017een spremenljivosti naklju\u010dja, kar pomeni, da nikoli ne bo obstajala njegova natan\u010dna kopija.<\/p>\n<p>Ta posebna lastnost materiala Jeruzalemski kamen je zelo cenjena prednost in zna\u010dilnost, saj je edinstven v celotni panorami naravnega kamna.<\/p>\n<div class=\"et_pb_module et_pb_wc_description et_pb_wc_description_1_tb_body et_pb_bg_layout_light et_pb_text_align_left\">\n<div class=\"et_pb_module_inner\">\n<p>Glede na zgoraj navedeno in da bi dobili predstavo o kon\u010dnem u\u010dinku tal, je priporo\u010dljivo videti kompozicijo, sestavljeno iz niza razli\u010dnih kosov kamna, da bi razumeli to posebno zna\u010dilnost in si bolje predstavljali, kak\u0161en bo kon\u010dni barvni u\u010dinek va\u0161ih tal.<\/p>\n<\/div>\n<\/div>\n","protected":false},"excerpt":{"rendered":"<p class=\"p1\"><span class=\"s1\">BIBLIJSKI naravni tlakovci iz jeruzalemskega kamna, izdelani iz razli\u010dnih barv naravnega jeruzalemskega kamna s fino obrtjo.<br \/>\nIdealen za prenovo hi\u0161ic, starih vil, gradov in zgodovinskih stavb.<\/span><\/p>\n<p>Anti\u010dna kamnita tla se zelo dobro kombinirajo tudi s sodobnim pohi\u0161tvom ter ustvarjajo elegantna in \u010dustvena okolja.<\/p>\n","protected":false},"featured_media":31216,"comment_status":"open","ping_status":"closed","template":"","meta":{"_et_pb_use_builder":"","_et_pb_old_content":"","_et_gb_content_width":"","iawp_total_views":20},"product_brand":[],"product_cat":[173],"product_tag":[253,505,506,496,488,489,507,487,510,495,483,484,563,478,494,492,477,476,498],"class_list":{"0":"post-51641","1":"product","2":"type-product","3":"status-publish","4":"has-post-thumbnail","6":"product_cat-tla-in-obloge","7":"product_tag-biblical-sl","8":"product_tag-gradovi","9":"product_tag-hiske","10":"product_tag-jeruzalem","11":"product_tag-jeruzalemski-kamen","12":"product_tag-kamen","13":"product_tag-kmecke-hise","14":"product_tag-naravni-kamen","15":"product_tag-obrtniki","16":"product_tag-obrtnistvo","17":"product_tag-premazi","18":"product_tag-prenova","19":"product_tag-starinska-tla","20":"product_tag-starodavna-vila","21":"product_tag-tla","22":"product_tag-tla-in-stene","23":"product_tag-vila","24":"product_tag-vile","25":"product_tag-zgodovinske-zgradbe","27":"first","28":"instock","29":"shipping-taxable","30":"product-type-simple"},"jetpack_sharing_enabled":true,"_links":{"self":[{"href":"https:\/\/www.pietradigerusalemme.com\/sl\/wp-json\/wp\/v2\/product\/51641","targetHints":{"allow":["GET"]}}],"collection":[{"href":"https:\/\/www.pietradigerusalemme.com\/sl\/wp-json\/wp\/v2\/product"}],"about":[{"href":"https:\/\/www.pietradigerusalemme.com\/sl\/wp-json\/wp\/v2\/types\/product"}],"replies":[{"embeddable":true,"href":"https:\/\/www.pietradigerusalemme.com\/sl\/wp-json\/wp\/v2\/comments?post=51641"}],"wp:featuredmedia":[{"embeddable":true,"href":"https:\/\/www.pietradigerusalemme.com\/sl\/wp-json\/wp\/v2\/media\/31216"}],"wp:attachment":[{"href":"https:\/\/www.pietradigerusalemme.com\/sl\/wp-json\/wp\/v2\/media?parent=51641"}],"wp:term":[{"taxonomy":"product_brand","embeddable":true,"href":"https:\/\/www.pietradigerusalemme.com\/sl\/wp-json\/wp\/v2\/product_brand?post=51641"},{"taxonomy":"product_cat","embeddable":true,"href":"https:\/\/www.pietradigerusalemme.com\/sl\/wp-json\/wp\/v2\/product_cat?post=51641"},{"taxonomy":"product_tag","embeddable":true,"href":"https:\/\/www.pietradigerusalemme.com\/sl\/wp-json\/wp\/v2\/product_tag?post=51641"}],"curies":[{"name":"wp","href":"https:\/\/api.w.org\/{rel}","templated":true}]}}