{"id":51644,"date":"2023-06-19T10:10:43","date_gmt":"2023-06-19T10:10:43","guid":{"rendered":"https:\/\/www.pietradigerusalemme.com\/prodotto\/katedrala\/"},"modified":"2023-10-13T13:31:47","modified_gmt":"2023-10-13T13:31:47","slug":"katedrala","status":"publish","type":"product","link":"https:\/\/www.pietradigerusalemme.com\/sl\/izdelek\/katedrala\/","title":{"rendered":"Katedrala"},"content":{"rendered":"<p class=\"p1\"><span class=\"s1\">Katedralni jeruzalemski kamen je sicer iste vrste, vendar ima lahko razli\u010dne razli\u010dice kon\u010dne obdelave, zato je slog primeren glede na okolje, v katerem ga \u017eelimo postaviti.<br \/>\n<\/span><\/p>\n<p class=\"p1\"><span class=\"s1\">Anti\u010dna in elegantna talna obloga za vile, kme\u010dke hi\u0161e, starinska poslopja ali talne, kopalni\u0161ke in stenske obloge z bolj rustikalno izdelavo za gradove in zelo stare zgodovinske hi\u0161e. Postopki oblikovanja in dodelave bodo izvedeni in prilagojeni v skladu z okoljem, v katerem bodo name\u0161\u010deni.  <\/span><\/p>\n<p class=\"p1\"><span class=\"s1\">Jeruzalemski kamen je rezultat naravnega procesa in je zato podvr\u017een spremenljivosti naklju\u010dja, kar pomeni, da nikoli ne bo obstajala njegova natan\u010dna kopija.<\/span><\/p>\n<p>Ta posebna lastnost materiala Jeruzalemski kamen je zelo cenjena prednost in zna\u010dilnost, saj je edinstven v celotni panorami naravnega kamna.<\/p>\n<div class=\"et_pb_module et_pb_wc_description et_pb_wc_description_1_tb_body et_pb_bg_layout_light et_pb_text_align_left\">\n<div class=\"et_pb_module_inner\">\n<p>Glede na zgoraj navedeno in da bi dobili predstavo o kon\u010dnem u\u010dinku tal, je priporo\u010dljivo videti kompozicijo, sestavljeno iz niza razli\u010dnih kosov kamna, da bi razumeli to posebno zna\u010dilnost in si bolje predstavljali, kak\u0161en bo kon\u010dni barvni u\u010dinek va\u0161ih tal.<\/p>\n<\/div>\n<\/div>\n","protected":false},"excerpt":{"rendered":"<p class=\"p1\"><span class=\"s1\">Rustikalno, starinsko in fascinantno elegantno tlakovanje iz naravnega kamna iz Jeruzalema, idealno za prenovo starih vil, kmetij, gradov in zgodovinskih stavb velike vrednosti.<\/span><\/p>\n<p>Potrebujete informacije? Pi\u0161ite nam in z veseljem se bomo odzvali na vse va\u0161e potrebe.<\/p>\n","protected":false},"featured_media":52264,"comment_status":"open","ping_status":"closed","template":"","meta":{"_et_pb_use_builder":"","_et_pb_old_content":"","_et_gb_content_width":"","iawp_total_views":17},"product_brand":[],"product_cat":[173],"product_tag":[253,505,506,496,488,489,504,507,487,510,495,483,484,478,494,492,477,476,498],"class_list":{"0":"post-51644","1":"product","2":"type-product","3":"status-publish","4":"has-post-thumbnail","6":"product_cat-tla-in-obloge","7":"product_tag-biblical-sl","8":"product_tag-gradovi","9":"product_tag-hiske","10":"product_tag-jeruzalem","11":"product_tag-jeruzalemski-kamen","12":"product_tag-kamen","13":"product_tag-katedrala","14":"product_tag-kmecke-hise","15":"product_tag-naravni-kamen","16":"product_tag-obrtniki","17":"product_tag-obrtnistvo","18":"product_tag-premazi","19":"product_tag-prenova","20":"product_tag-starodavna-vila","21":"product_tag-tla","22":"product_tag-tla-in-stene","23":"product_tag-vila","24":"product_tag-vile","25":"product_tag-zgodovinske-zgradbe","27":"first","28":"instock","29":"shipping-taxable","30":"product-type-simple"},"jetpack_sharing_enabled":true,"_links":{"self":[{"href":"https:\/\/www.pietradigerusalemme.com\/sl\/wp-json\/wp\/v2\/product\/51644","targetHints":{"allow":["GET"]}}],"collection":[{"href":"https:\/\/www.pietradigerusalemme.com\/sl\/wp-json\/wp\/v2\/product"}],"about":[{"href":"https:\/\/www.pietradigerusalemme.com\/sl\/wp-json\/wp\/v2\/types\/product"}],"replies":[{"embeddable":true,"href":"https:\/\/www.pietradigerusalemme.com\/sl\/wp-json\/wp\/v2\/comments?post=51644"}],"wp:featuredmedia":[{"embeddable":true,"href":"https:\/\/www.pietradigerusalemme.com\/sl\/wp-json\/wp\/v2\/media\/52264"}],"wp:attachment":[{"href":"https:\/\/www.pietradigerusalemme.com\/sl\/wp-json\/wp\/v2\/media?parent=51644"}],"wp:term":[{"taxonomy":"product_brand","embeddable":true,"href":"https:\/\/www.pietradigerusalemme.com\/sl\/wp-json\/wp\/v2\/product_brand?post=51644"},{"taxonomy":"product_cat","embeddable":true,"href":"https:\/\/www.pietradigerusalemme.com\/sl\/wp-json\/wp\/v2\/product_cat?post=51644"},{"taxonomy":"product_tag","embeddable":true,"href":"https:\/\/www.pietradigerusalemme.com\/sl\/wp-json\/wp\/v2\/product_tag?post=51644"}],"curies":[{"name":"wp","href":"https:\/\/api.w.org\/{rel}","templated":true}]}}