{"id":52005,"date":"2023-06-19T12:45:29","date_gmt":"2023-06-19T12:45:29","guid":{"rendered":"https:\/\/www.pietradigerusalemme.com\/prodotto\/mezada\/"},"modified":"2023-10-02T09:33:22","modified_gmt":"2023-10-02T09:33:22","slug":"mezada","status":"publish","type":"product","link":"https:\/\/www.pietradigerusalemme.com\/sl\/izdelek\/mezada\/","title":{"rendered":"Masada"},"content":{"rendered":"<p class=\"p1\"><span class=\"s1\">Masada Jeruzalem Kamnita tla, ro\u010dno izdelana povr\u0161inska obdelava.<br \/>\nMo\u017enost razli\u010dnih oblik obdelave in shem polaganja. Debelina talnih in stenskih oblog je lahko 1,2 cm ali 2 cm, odvisno od velikosti formatov, vrste izdelave in zahtev gradbi\u0161\u010da.  <\/span><\/p>\n<p class=\"p1\"><span class=\"s1\">Pri teh tleh iz naravnega kamna uporabljamo na\u0161o edinstveno obrt, ki vas bo navdu\u0161ila in poskrbela, da bodo va\u0161i prostori postali sanjski.<\/span><\/p>\n<p class=\"p1\"><span class=\"s1\">Jeruzalemski kamen je rezultat naravnega procesa in je zato podvr\u017een spremenljivosti naklju\u010dja, kar pomeni, da nikoli ne bo obstajala njegova natan\u010dna kopija.<\/span><\/p>\n<p>Ta posebna lastnost materiala Jeruzalemski kamen je zelo cenjena prednost in zna\u010dilnost, saj je edinstven v celotni panorami naravnega kamna.<\/p>\n<div class=\"et_pb_module et_pb_wc_description et_pb_wc_description_1_tb_body et_pb_bg_layout_light et_pb_text_align_left\">\n<div class=\"et_pb_module_inner\">\n<p>Glede na zgoraj navedeno in da bi dobili predstavo o kon\u010dnem u\u010dinku tal, je priporo\u010dljivo videti kompozicijo, sestavljeno iz niza razli\u010dnih kosov kamna, da bi razumeli to posebno zna\u010dilnost in si bolje predstavljali, kak\u0161en bo kon\u010dni barvni u\u010dinek va\u0161ih tal.<\/p>\n<\/div>\n<\/div>\n","protected":false},"excerpt":{"rendered":"<p class=\"p1\">\n            <span class=\"s1\">Naravni jeruzalemski kamen MASADA, tla za zgodovinske hi\u0161e, tla za stare vile, tla iz rustikalnega kamna. Visokokakovostne, kakovostne talne in stenske obloge.<\/span>\n          <\/p>\n","protected":false},"featured_media":31354,"comment_status":"open","ping_status":"closed","template":"","meta":{"_et_pb_use_builder":"","_et_pb_old_content":"","_et_gb_content_width":"","iawp_total_views":19},"product_brand":[],"product_cat":[173],"product_tag":[253,505,506,496,488,489,504,507,275,487,510,495,483,484,478,494,492,477,476,498],"class_list":{"0":"post-52005","1":"product","2":"type-product","3":"status-publish","4":"has-post-thumbnail","6":"product_cat-tla-in-obloge","7":"product_tag-biblical-sl","8":"product_tag-gradovi","9":"product_tag-hiske","10":"product_tag-jeruzalem","11":"product_tag-jeruzalemski-kamen","12":"product_tag-kamen","13":"product_tag-katedrala","14":"product_tag-kmecke-hise","15":"product_tag-mezada-sl","16":"product_tag-naravni-kamen","17":"product_tag-obrtniki","18":"product_tag-obrtnistvo","19":"product_tag-premazi","20":"product_tag-prenova","21":"product_tag-starodavna-vila","22":"product_tag-tla","23":"product_tag-tla-in-stene","24":"product_tag-vila","25":"product_tag-vile","26":"product_tag-zgodovinske-zgradbe","28":"first","29":"instock","30":"shipping-taxable","31":"product-type-simple"},"jetpack_sharing_enabled":true,"_links":{"self":[{"href":"https:\/\/www.pietradigerusalemme.com\/sl\/wp-json\/wp\/v2\/product\/52005","targetHints":{"allow":["GET"]}}],"collection":[{"href":"https:\/\/www.pietradigerusalemme.com\/sl\/wp-json\/wp\/v2\/product"}],"about":[{"href":"https:\/\/www.pietradigerusalemme.com\/sl\/wp-json\/wp\/v2\/types\/product"}],"replies":[{"embeddable":true,"href":"https:\/\/www.pietradigerusalemme.com\/sl\/wp-json\/wp\/v2\/comments?post=52005"}],"wp:featuredmedia":[{"embeddable":true,"href":"https:\/\/www.pietradigerusalemme.com\/sl\/wp-json\/wp\/v2\/media\/31354"}],"wp:attachment":[{"href":"https:\/\/www.pietradigerusalemme.com\/sl\/wp-json\/wp\/v2\/media?parent=52005"}],"wp:term":[{"taxonomy":"product_brand","embeddable":true,"href":"https:\/\/www.pietradigerusalemme.com\/sl\/wp-json\/wp\/v2\/product_brand?post=52005"},{"taxonomy":"product_cat","embeddable":true,"href":"https:\/\/www.pietradigerusalemme.com\/sl\/wp-json\/wp\/v2\/product_cat?post=52005"},{"taxonomy":"product_tag","embeddable":true,"href":"https:\/\/www.pietradigerusalemme.com\/sl\/wp-json\/wp\/v2\/product_tag?post=52005"}],"curies":[{"name":"wp","href":"https:\/\/api.w.org\/{rel}","templated":true}]}}