{"id":52013,"date":"2023-06-06T16:55:06","date_gmt":"2023-06-06T16:55:06","guid":{"rendered":"https:\/\/www.pietradigerusalemme.com\/prodotto\/zlato\/"},"modified":"2025-05-05T11:54:41","modified_gmt":"2025-05-05T11:54:41","slug":"zlato","status":"publish","type":"product","link":"https:\/\/www.pietradigerusalemme.com\/sl\/izdelek\/zlato\/","title":{"rendered":"Zlato"},"content":{"rendered":"<p class=\"p1\"><span class=\"s1\">Tla iz jeruzalemskega kamna so na voljo v debelini 1,2 cm ali 2 cm. Formati so na zahtevo, na voljo pa so tudi razli\u010dne estetske obdelave povr\u0161in in robov, da se dolo\u010di \u017eeleni slog doma. Zaradi teh \u0161tevilnih mo\u017enosti obdelave je jeruzalemski kamen idealen za hi\u0161e v modernem slogu, prenove starih vil, kme\u010dkih hi\u0161 in povsod, kjer je treba ustvariti elegantno in \u010dustveno okolje.<\/span><\/p>\n<p>  Iz istega kamna Jeruzalemsko zlato izdelujemo <a href=\"\/?product_cat=tus-kadi\">tu\u0161 pladnje<\/a>, <a href=\"\/?product_cat=stopnice\">stopnice<\/a>, <a href=\"\/?product_cat=umivalniki\">umivalnike<\/a>, <a href=\"\/?product_cat=kuhinje\">kuhinjske plo\u0161\u010de<\/a> in okenske police vseh oblik in velikosti po meri. Jeruzalemski kamen je rezultat naravnega procesa in je zato podvr\u017een spremenljivosti naklju\u010dja, kar pomeni, da nikoli ne bo obstajala njegova natan\u010dna kopija. Ta posebna lastnost materiala Jeruzalemski kamen je zelo cenjena prednost in zna\u010dilnost, saj je edinstven v celotni panorami naravnega kamna.  <\/p>\n<p class=\"p1\"><span class=\"s1\">Glede na zgoraj navedeno in da bi dobili predstavo o kon\u010dnem u\u010dinku tal, je priporo\u010dljivo videti kompozicijo, sestavljeno iz niza razli\u010dnih kosov kamna, da bi razumeli to posebno zna\u010dilnost in si bolje predstavljali, kak\u0161en bo kon\u010dni barvni u\u010dinek va\u0161ih tal.<\/span><\/p>\n","protected":false},"excerpt":{"rendered":"<p class=\"p1\"><span class=\"s1\">Visokokakovostne talne in stenske plo\u0161\u010dice iz naravnega kamna Jerusalem Gold. Na voljo so v razli\u010dnih formatih in debelinah za vse vrste zahtev glede lokacije in oblikovanja.<\/span><\/p>\n<p>  Izbirate lahko med ekskluzivno, lepo in zelo elegantno izdelavo v starinskem ali modernem slogu. To so tla iz naravnega kamna, ki so primerna za prenove in nove domove z veliko estetsko in kakovostno vrednostjo.  <\/p>\n<p class=\"p1\"><span class=\"s1\">Ne vpijajo in jih je zelo enostavno \u010distiti. Zaradi visoke sposobnosti prenosa toplote so idealne za talno gretje in se v primerjavi s kerami\u010dnimi plo\u0161\u010dicami in drugimi materiali ne \u0161irijo ob spreminjanju temperature.  <\/span><\/p>\n","protected":false},"featured_media":52334,"comment_status":"open","ping_status":"closed","template":"","meta":{"_et_pb_use_builder":"on","_et_pb_old_content":"","_et_gb_content_width":"","iawp_total_views":28},"product_brand":[],"product_cat":[173],"product_tag":[253,270,505,506,496,488,489,507,280,510,495,483,478,494,498],"class_list":{"0":"post-52013","1":"product","2":"type-product","3":"status-publish","4":"has-post-thumbnail","6":"product_cat-tla-in-obloge","7":"product_tag-biblical-sl","8":"product_tag-gold-sl","9":"product_tag-gradovi","10":"product_tag-hiske","11":"product_tag-jeruzalem","12":"product_tag-jeruzalemski-kamen","13":"product_tag-kamen","14":"product_tag-kmecke-hise","15":"product_tag-nazareth-sl","16":"product_tag-obrtniki","17":"product_tag-obrtnistvo","18":"product_tag-premazi","19":"product_tag-starodavna-vila","20":"product_tag-tla","21":"product_tag-zgodovinske-zgradbe","23":"first","24":"instock","25":"shipping-taxable","26":"product-type-simple"},"jetpack_sharing_enabled":true,"_links":{"self":[{"href":"https:\/\/www.pietradigerusalemme.com\/sl\/wp-json\/wp\/v2\/product\/52013","targetHints":{"allow":["GET"]}}],"collection":[{"href":"https:\/\/www.pietradigerusalemme.com\/sl\/wp-json\/wp\/v2\/product"}],"about":[{"href":"https:\/\/www.pietradigerusalemme.com\/sl\/wp-json\/wp\/v2\/types\/product"}],"replies":[{"embeddable":true,"href":"https:\/\/www.pietradigerusalemme.com\/sl\/wp-json\/wp\/v2\/comments?post=52013"}],"wp:featuredmedia":[{"embeddable":true,"href":"https:\/\/www.pietradigerusalemme.com\/sl\/wp-json\/wp\/v2\/media\/52334"}],"wp:attachment":[{"href":"https:\/\/www.pietradigerusalemme.com\/sl\/wp-json\/wp\/v2\/media?parent=52013"}],"wp:term":[{"taxonomy":"product_brand","embeddable":true,"href":"https:\/\/www.pietradigerusalemme.com\/sl\/wp-json\/wp\/v2\/product_brand?post=52013"},{"taxonomy":"product_cat","embeddable":true,"href":"https:\/\/www.pietradigerusalemme.com\/sl\/wp-json\/wp\/v2\/product_cat?post=52013"},{"taxonomy":"product_tag","embeddable":true,"href":"https:\/\/www.pietradigerusalemme.com\/sl\/wp-json\/wp\/v2\/product_tag?post=52013"}],"curies":[{"name":"wp","href":"https:\/\/api.w.org\/{rel}","templated":true}]}}