{"id":53185,"date":"2023-11-02T17:44:01","date_gmt":"2023-11-02T17:44:01","guid":{"rendered":"https:\/\/www.pietradigerusalemme.com\/prodotto\/oblikovanje\/"},"modified":"2024-10-23T09:03:13","modified_gmt":"2024-10-23T09:03:13","slug":"oblikovanje","status":"publish","type":"product","link":"https:\/\/www.pietradigerusalemme.com\/sl\/izdelek\/oblikovanje\/","title":{"rendered":"Oblikovanje"},"content":{"rendered":"<p>Oblikovalska miza iz kamna velike trdote in trdnosti, umetni\u0161ka skulptura za opremljanje presti\u017enih okolij.<\/p>\n","protected":false},"excerpt":{"rendered":"<p>Oblikovana kamnita miza z ekskluzivno ro\u010dno izdelano povr\u0161ino. Zgornji del iz \u0161tirih delov debeline 3 cm in robovi z naklonom 70 stopinj.<\/p>\n","protected":false},"featured_media":53112,"comment_status":"open","ping_status":"closed","template":"","meta":{"_et_pb_use_builder":"","_et_pb_old_content":"","_et_gb_content_width":"","iawp_total_views":9},"product_brand":[],"product_cat":[167],"product_tag":[550,546,548,545,547,549],"class_list":{"0":"post-53185","1":"product","2":"type-product","3":"status-publish","4":"has-post-thumbnail","6":"product_cat-dopolnjuje","7":"product_tag-fine-mize","8":"product_tag-jeruzalemske-kamnite-mize","9":"product_tag-mize-po-meri","10":"product_tag-notranja-oprema","11":"product_tag-oblikovalske-mize","12":"product_tag-sodobne-mize","14":"first","15":"instock","16":"shipping-taxable","17":"product-type-simple"},"jetpack_sharing_enabled":true,"_links":{"self":[{"href":"https:\/\/www.pietradigerusalemme.com\/sl\/wp-json\/wp\/v2\/product\/53185","targetHints":{"allow":["GET"]}}],"collection":[{"href":"https:\/\/www.pietradigerusalemme.com\/sl\/wp-json\/wp\/v2\/product"}],"about":[{"href":"https:\/\/www.pietradigerusalemme.com\/sl\/wp-json\/wp\/v2\/types\/product"}],"replies":[{"embeddable":true,"href":"https:\/\/www.pietradigerusalemme.com\/sl\/wp-json\/wp\/v2\/comments?post=53185"}],"wp:featuredmedia":[{"embeddable":true,"href":"https:\/\/www.pietradigerusalemme.com\/sl\/wp-json\/wp\/v2\/media\/53112"}],"wp:attachment":[{"href":"https:\/\/www.pietradigerusalemme.com\/sl\/wp-json\/wp\/v2\/media?parent=53185"}],"wp:term":[{"taxonomy":"product_brand","embeddable":true,"href":"https:\/\/www.pietradigerusalemme.com\/sl\/wp-json\/wp\/v2\/product_brand?post=53185"},{"taxonomy":"product_cat","embeddable":true,"href":"https:\/\/www.pietradigerusalemme.com\/sl\/wp-json\/wp\/v2\/product_cat?post=53185"},{"taxonomy":"product_tag","embeddable":true,"href":"https:\/\/www.pietradigerusalemme.com\/sl\/wp-json\/wp\/v2\/product_tag?post=53185"}],"curies":[{"name":"wp","href":"https:\/\/api.w.org\/{rel}","templated":true}]}}