{"id":53574,"date":"2024-04-19T08:11:40","date_gmt":"2024-04-19T08:11:40","guid":{"rendered":"https:\/\/www.pietradigerusalemme.com\/prodotto\/sinagoge\/"},"modified":"2025-04-09T09:31:09","modified_gmt":"2025-04-09T09:31:09","slug":"sinagoge","status":"publish","type":"product","link":"https:\/\/www.pietradigerusalemme.com\/sl\/izdelek\/sinagoge\/","title":{"rendered":"Sinagoge Nadstropja"},"content":{"rendered":"<p class=\"p1\">La <span class=\"s1\"><b>Jeruzalemski kamen<\/b><\/span> je naravni apnenec, ki je cenjen zaradi svoje trdnosti in vsestranskosti. Povpre\u010dna gostota kamna je pribli\u017eno 1,5 m. <span class=\"s1\"><b>2,3 g\/cm\u00b3<\/b><\/span> in<span class=\"s1\"><b>vpojnost vode manj kot 5 %.<\/b><\/span>, zagotavlja odli\u010dno trajnost tudi v okoljih z visoko vla\u017enostjo.<br \/>\nNjegova <span class=\"s1\"><b>nizka poroznost<\/b><\/span> je primerna za notranje in zunanje obloge, saj zagotavlja visoko odpornost na temperaturne spremembe in obrabo skozi \u010das. Na voljo v razli\u010dnih povr\u0161inah &#8211; <span class=\"s1\"><b>bru\u0161ena, bru\u0161ena, bru\u0161ena, bru\u0161ena in antiqued<\/b><\/span> &#8211; je ta kamen popolnoma primeren za arhitekturo sinagog, saj zdru\u017euje funkcionalnost in estetsko vrednost. Poleg tega je jeruzalemski kamen naraven in trajnosten material, pridobljen z okolju prijaznimi postopki in obdelan tako, da zagotavlja harmoni\u010den in pristen vizualni u\u010dinek.   <\/p>\n","protected":false},"excerpt":{"rendered":"<p class=\"p1\">La <span class=\"s1\"><b>Jeruzalemski kamen<\/b><\/span> je edinstven in brez\u010dasen material, ki ima globoke korenine v judovski zgodovini in kulturi. Ta naravni kamen, ki se \u017ee stoletja uporablja v najbolj svetih zgradbah, odlikujejo prefinjena tekstura in topli toni, ki ustvarjajo vzdu\u0161je spomina in slovesnosti. Jeruzalemski kamen je odli\u010den za notranje in zunanje obloge, saj sinagogam omogo\u010da <span class=\"s1\"><b>sinagoge<\/b><\/span> veli\u010dasten in pristen videz, pri \u010demer spo\u0161tuje arhitekturne tradicije in pove\u010duje duhovno simboliko prostorov.<br \/>\nZaradi svoje odpornosti in brez\u010dasne lepote je idealna izbira za tiste, ki \u017eelijo, da prostor \u010da\u0161\u010denja izra\u017ea zgodovinsko globino in svetost.  <\/p>\n","protected":false},"featured_media":53497,"comment_status":"open","ping_status":"closed","template":"","meta":{"_et_pb_use_builder":"on","_et_pb_old_content":"","_et_gb_content_width":"","iawp_total_views":9},"product_brand":[],"product_cat":[164],"product_tag":[],"class_list":{"0":"post-53574","1":"product","2":"type-product","3":"status-publish","4":"has-post-thumbnail","6":"product_cat-cerkve","8":"first","9":"instock","10":"shipping-taxable","11":"product-type-simple"},"jetpack_sharing_enabled":true,"_links":{"self":[{"href":"https:\/\/www.pietradigerusalemme.com\/sl\/wp-json\/wp\/v2\/product\/53574","targetHints":{"allow":["GET"]}}],"collection":[{"href":"https:\/\/www.pietradigerusalemme.com\/sl\/wp-json\/wp\/v2\/product"}],"about":[{"href":"https:\/\/www.pietradigerusalemme.com\/sl\/wp-json\/wp\/v2\/types\/product"}],"replies":[{"embeddable":true,"href":"https:\/\/www.pietradigerusalemme.com\/sl\/wp-json\/wp\/v2\/comments?post=53574"}],"wp:featuredmedia":[{"embeddable":true,"href":"https:\/\/www.pietradigerusalemme.com\/sl\/wp-json\/wp\/v2\/media\/53497"}],"wp:attachment":[{"href":"https:\/\/www.pietradigerusalemme.com\/sl\/wp-json\/wp\/v2\/media?parent=53574"}],"wp:term":[{"taxonomy":"product_brand","embeddable":true,"href":"https:\/\/www.pietradigerusalemme.com\/sl\/wp-json\/wp\/v2\/product_brand?post=53574"},{"taxonomy":"product_cat","embeddable":true,"href":"https:\/\/www.pietradigerusalemme.com\/sl\/wp-json\/wp\/v2\/product_cat?post=53574"},{"taxonomy":"product_tag","embeddable":true,"href":"https:\/\/www.pietradigerusalemme.com\/sl\/wp-json\/wp\/v2\/product_tag?post=53574"}],"curies":[{"name":"wp","href":"https:\/\/api.w.org\/{rel}","templated":true}]}}